{"id":38082,"date":"2024-11-11T16:40:51","date_gmt":"2024-11-12T08:29:31","guid":{"rendered":"https:\/\/www.miravila.com\/product\/pjenasta-sjajna-sjajila-za-ukrase\/"},"modified":"2024-12-05T12:06:18","modified_gmt":"2024-12-05T11:06:18","slug":"pjenasta-sjajna-sjajila-za-ukrase","status":"publish","type":"product","link":"https:\/\/www.miravila.com\/hr\/pjenasta-sjajna-sjajila-za-ukrase\/","title":{"rendered":"Pjenasta sjajna sjajila za ukrase"},"content":{"rendered":"","protected":false},"excerpt":{"rendered":"<p>Pjenasta sjajna glitter za ukrase savr\u0161en je dodatak za sve ljubitelje kreativnosti. Ova prekrasna sjajna glitter dodat \u0107e va\u0161im ukrasima poseban sjaj i glamur. S njom mo\u017eete ukrasiti bo\u017ei\u0107na drvca, novogodi\u0161nje vijence, \u010destitke, poklone i jo\u0161 mnogo toga. Pjenasta tekstura glittera osigurat \u0107e da va\u0161i ukrasi iska\u010du i privla\u010de poglede. Jednostavno je nanesite na \u017eeljenu povr\u0161inu pomo\u0107u prilo\u017eenog aplikatora i u\u017eivajte u \u010darobnim trenucima koje \u0107e stvoriti. Bez obzira stvarate li za zabavu ili profesionalno, pjenasta sjajna glitter za ukrase zasigurno \u0107e odu\u0161eviti i uljep\u0161ati va\u0161e kreativne projekte.<\/p>\n","protected":false},"featured_media":36869,"comment_status":"closed","ping_status":"open","template":"","meta":[],"product_brand":[],"product_cat":[2018,3676],"product_tag":[],"class_list":{"0":"post-38082","1":"product","2":"type-product","3":"status-publish","4":"has-post-thumbnail","6":"product_cat-bozic","7":"product_cat-novogodisnji-ukrasi","8":"pa_barva-plava","9":"pa_velikost-8-2","11":"first","12":"outofstock","13":"taxable","14":"shipping-taxable","15":"purchasable","16":"product-type-simple"},"_links":{"self":[{"href":"https:\/\/www.miravila.com\/hr\/wp-json\/wp\/v2\/product\/38082","targetHints":{"allow":["GET"]}}],"collection":[{"href":"https:\/\/www.miravila.com\/hr\/wp-json\/wp\/v2\/product"}],"about":[{"href":"https:\/\/www.miravila.com\/hr\/wp-json\/wp\/v2\/types\/product"}],"replies":[{"embeddable":true,"href":"https:\/\/www.miravila.com\/hr\/wp-json\/wp\/v2\/comments?post=38082"}],"wp:featuredmedia":[{"embeddable":true,"href":"https:\/\/www.miravila.com\/hr\/wp-json\/wp\/v2\/media\/36869"}],"wp:attachment":[{"href":"https:\/\/www.miravila.com\/hr\/wp-json\/wp\/v2\/media?parent=38082"}],"wp:term":[{"taxonomy":"product_brand","embeddable":true,"href":"https:\/\/www.miravila.com\/hr\/wp-json\/wp\/v2\/product_brand?post=38082"},{"taxonomy":"product_cat","embeddable":true,"href":"https:\/\/www.miravila.com\/hr\/wp-json\/wp\/v2\/product_cat?post=38082"},{"taxonomy":"product_tag","embeddable":true,"href":"https:\/\/www.miravila.com\/hr\/wp-json\/wp\/v2\/product_tag?post=38082"}],"curies":[{"name":"wp","href":"https:\/\/api.w.org\/{rel}","templated":true}]}}