{"id":38077,"date":"2024-11-12T09:29:15","date_gmt":"2024-11-12T08:29:15","guid":{"rendered":"https:\/\/www.miravila.com\/product\/kuglice-pvc-grozde-set-10-tamnozeleno\/"},"modified":"2024-11-12T09:29:27","modified_gmt":"2024-11-12T08:29:27","slug":"kuglice-pvc-grozde-set-10-tamnozeleno","status":"publish","type":"product","link":"https:\/\/www.miravila.com\/hr\/proizvod\/kuglice-pvc-grozde-set-10-tamnozeleno\/","title":{"rendered":"Kuglice pvc gro\u017e\u0111e set 10 tamnozeleno"},"content":{"rendered":"","protected":false},"excerpt":{"rendered":"<p>Novogodi\u0161nja dekoracija KUGLE PVC GRO\u017d\u0110E SET 10 TAMNO ZELENA<\/p>\n","protected":false},"featured_media":25714,"comment_status":"closed","ping_status":"open","template":"","meta":[],"product_brand":[],"product_cat":[2018,3676],"product_tag":[5028,5040],"class_list":{"0":"post-38077","1":"product","2":"type-product","3":"status-publish","4":"has-post-thumbnail","6":"product_cat-bozic","7":"product_cat-novogodisnji-ukrasi","8":"product_tag-adventska-kolekcija-svjezine","9":"product_tag-kolekcija-zelena-elegancija","10":"pa_barva-zelena-2","11":"pa_velikost-30-2","13":"first","14":"instock","15":"taxable","16":"shipping-taxable","17":"purchasable","18":"product-type-simple"},"_links":{"self":[{"href":"https:\/\/www.miravila.com\/hr\/wp-json\/wp\/v2\/product\/38077","targetHints":{"allow":["GET"]}}],"collection":[{"href":"https:\/\/www.miravila.com\/hr\/wp-json\/wp\/v2\/product"}],"about":[{"href":"https:\/\/www.miravila.com\/hr\/wp-json\/wp\/v2\/types\/product"}],"replies":[{"embeddable":true,"href":"https:\/\/www.miravila.com\/hr\/wp-json\/wp\/v2\/comments?post=38077"}],"wp:featuredmedia":[{"embeddable":true,"href":"https:\/\/www.miravila.com\/hr\/wp-json\/wp\/v2\/media\/25714"}],"wp:attachment":[{"href":"https:\/\/www.miravila.com\/hr\/wp-json\/wp\/v2\/media?parent=38077"}],"wp:term":[{"taxonomy":"product_brand","embeddable":true,"href":"https:\/\/www.miravila.com\/hr\/wp-json\/wp\/v2\/product_brand?post=38077"},{"taxonomy":"product_cat","embeddable":true,"href":"https:\/\/www.miravila.com\/hr\/wp-json\/wp\/v2\/product_cat?post=38077"},{"taxonomy":"product_tag","embeddable":true,"href":"https:\/\/www.miravila.com\/hr\/wp-json\/wp\/v2\/product_tag?post=38077"}],"curies":[{"name":"wp","href":"https:\/\/api.w.org\/{rel}","templated":true}]}}