{"id":38064,"date":"2024-11-12T09:29:15","date_gmt":"2024-11-12T08:29:15","guid":{"rendered":"https:\/\/www.miravila.com\/product\/ogrlica-gemme-damasco-h-13-cm-ruzicasti-kamen\/"},"modified":"2024-11-12T09:29:18","modified_gmt":"2024-11-12T08:29:18","slug":"ogrlica-gemme-damasco-h-13-cm-ruzicasti-kamen","status":"publish","type":"product","link":"https:\/\/www.miravila.com\/hr\/proizvod\/ogrlica-gemme-damasco-h-13-cm-ruzicasti-kamen\/","title":{"rendered":"Ogrlica gemme damasco h-13 cm ru\u017ei\u010dasti kamen"},"content":{"rendered":"","protected":false},"excerpt":{"rendered":"<p>Novogodi\u0161nja ukrasna kuglica OBESEK GEMME DAMASCO H-13 CM ROZA KAMEN<\/p>\n","protected":false},"featured_media":25556,"comment_status":"closed","ping_status":"open","template":"","meta":[],"product_brand":[],"product_cat":[2018,3676],"product_tag":[],"class_list":{"0":"post-38064","1":"product","2":"type-product","3":"status-publish","4":"has-post-thumbnail","6":"product_cat-bozic","7":"product_cat-novogodisnji-ukrasi","8":"pa_barva-zlatna","9":"pa_velikost-13-2","11":"first","12":"outofstock","13":"taxable","14":"shipping-taxable","15":"purchasable","16":"product-type-simple"},"_links":{"self":[{"href":"https:\/\/www.miravila.com\/hr\/wp-json\/wp\/v2\/product\/38064","targetHints":{"allow":["GET"]}}],"collection":[{"href":"https:\/\/www.miravila.com\/hr\/wp-json\/wp\/v2\/product"}],"about":[{"href":"https:\/\/www.miravila.com\/hr\/wp-json\/wp\/v2\/types\/product"}],"replies":[{"embeddable":true,"href":"https:\/\/www.miravila.com\/hr\/wp-json\/wp\/v2\/comments?post=38064"}],"wp:featuredmedia":[{"embeddable":true,"href":"https:\/\/www.miravila.com\/hr\/wp-json\/wp\/v2\/media\/25556"}],"wp:attachment":[{"href":"https:\/\/www.miravila.com\/hr\/wp-json\/wp\/v2\/media?parent=38064"}],"wp:term":[{"taxonomy":"product_brand","embeddable":true,"href":"https:\/\/www.miravila.com\/hr\/wp-json\/wp\/v2\/product_brand?post=38064"},{"taxonomy":"product_cat","embeddable":true,"href":"https:\/\/www.miravila.com\/hr\/wp-json\/wp\/v2\/product_cat?post=38064"},{"taxonomy":"product_tag","embeddable":true,"href":"https:\/\/www.miravila.com\/hr\/wp-json\/wp\/v2\/product_tag?post=38064"}],"curies":[{"name":"wp","href":"https:\/\/api.w.org\/{rel}","templated":true}]}}