{"id":38058,"date":"2024-11-11T16:40:17","date_gmt":"2024-11-12T08:29:00","guid":{"rendered":"https:\/\/www.miravila.com\/product\/ogrlica-jopica-jelencic-djed-mraz-15cm-samo-1-kom\/"},"modified":"2024-11-12T09:29:13","modified_gmt":"2024-11-12T08:29:13","slug":"ogrlica-jopica-jelencic-djed-mraz-15cm-samo-1-kom","status":"publish","type":"product","link":"https:\/\/www.miravila.com\/hr\/proizvod\/ogrlica-jopica-jelencic-djed-mraz-15cm-samo-1-kom\/","title":{"rendered":"Ogrlica jopica jelen\u010di\u0107, djed mraz 15cm samo 1 kom."},"content":{"rendered":"","protected":false},"excerpt":{"rendered":"<p>Novogodi\u0161nja dekoracija OBESEK JOPICA JELEN\u010cEK, DEDA MRAZ H-15 CM samo 1 kom.<\/p>\n","protected":false},"featured_media":25593,"comment_status":"closed","ping_status":"open","template":"","meta":[],"product_brand":[],"product_cat":[2018,3676],"product_tag":[],"class_list":{"0":"post-38058","1":"product","2":"type-product","3":"status-publish","4":"has-post-thumbnail","6":"product_cat-bozic","7":"product_cat-novogodisnji-ukrasi","8":"pa_barva-crvena","9":"pa_velikost-15-2","11":"first","12":"outofstock","13":"taxable","14":"shipping-taxable","15":"purchasable","16":"product-type-simple"},"_links":{"self":[{"href":"https:\/\/www.miravila.com\/hr\/wp-json\/wp\/v2\/product\/38058","targetHints":{"allow":["GET"]}}],"collection":[{"href":"https:\/\/www.miravila.com\/hr\/wp-json\/wp\/v2\/product"}],"about":[{"href":"https:\/\/www.miravila.com\/hr\/wp-json\/wp\/v2\/types\/product"}],"replies":[{"embeddable":true,"href":"https:\/\/www.miravila.com\/hr\/wp-json\/wp\/v2\/comments?post=38058"}],"wp:featuredmedia":[{"embeddable":true,"href":"https:\/\/www.miravila.com\/hr\/wp-json\/wp\/v2\/media\/25593"}],"wp:attachment":[{"href":"https:\/\/www.miravila.com\/hr\/wp-json\/wp\/v2\/media?parent=38058"}],"wp:term":[{"taxonomy":"product_brand","embeddable":true,"href":"https:\/\/www.miravila.com\/hr\/wp-json\/wp\/v2\/product_brand?post=38058"},{"taxonomy":"product_cat","embeddable":true,"href":"https:\/\/www.miravila.com\/hr\/wp-json\/wp\/v2\/product_cat?post=38058"},{"taxonomy":"product_tag","embeddable":true,"href":"https:\/\/www.miravila.com\/hr\/wp-json\/wp\/v2\/product_tag?post=38058"}],"curies":[{"name":"wp","href":"https:\/\/api.w.org\/{rel}","templated":true}]}}