{"id":38001,"date":"2024-11-11T16:38:30","date_gmt":"2024-11-12T08:27:51","guid":{"rendered":"https:\/\/www.miravila.com\/product\/kugla-glitter-ruzicasta\/"},"modified":"2026-02-03T02:12:55","modified_gmt":"2026-02-03T01:12:55","slug":"kugla-glitter-ruzicasta","status":"publish","type":"product","link":"https:\/\/www.miravila.com\/hr\/proizvod\/kugla-glitter-ruzicasta\/","title":{"rendered":"Kugla glitter ru\u017ei\u010dasta"},"content":{"rendered":"","protected":false},"excerpt":{"rendered":"<p>Novogodi\u0161nja ukrasna stvar s sjajnim posipom u roza boji.<\/p>\n","protected":false},"featured_media":36712,"comment_status":"closed","ping_status":"open","template":"","meta":[],"product_brand":[],"product_cat":[2018,3676],"product_tag":[5029,5033,5044],"class_list":{"0":"post-38001","1":"product","2":"type-product","3":"status-publish","4":"has-post-thumbnail","6":"product_cat-bozic","7":"product_cat-novogodisnji-ukrasi","8":"product_tag-adventska-kolekcija-punca","9":"product_tag-kolekcija-candy-shop","10":"product_tag-ruzicasta-kolekcija","11":"pa_barva-roza","12":"pa_velikost-10-2","13":"pa_velikost-4453","14":"pa_velikost-4465","15":"pa_velikost-14-2","16":"pa_velikost-4475","17":"pa_velikost-21-2","18":"pa_velikost-7-2","19":"pa_velikost-4474","21":"first","22":"outofstock","23":"taxable","24":"shipping-taxable","25":"purchasable","26":"product-type-variable","27":"has-default-attributes"},"_links":{"self":[{"href":"https:\/\/www.miravila.com\/hr\/wp-json\/wp\/v2\/product\/38001","targetHints":{"allow":["GET"]}}],"collection":[{"href":"https:\/\/www.miravila.com\/hr\/wp-json\/wp\/v2\/product"}],"about":[{"href":"https:\/\/www.miravila.com\/hr\/wp-json\/wp\/v2\/types\/product"}],"replies":[{"embeddable":true,"href":"https:\/\/www.miravila.com\/hr\/wp-json\/wp\/v2\/comments?post=38001"}],"wp:featuredmedia":[{"embeddable":true,"href":"https:\/\/www.miravila.com\/hr\/wp-json\/wp\/v2\/media\/36712"}],"wp:attachment":[{"href":"https:\/\/www.miravila.com\/hr\/wp-json\/wp\/v2\/media?parent=38001"}],"wp:term":[{"taxonomy":"product_brand","embeddable":true,"href":"https:\/\/www.miravila.com\/hr\/wp-json\/wp\/v2\/product_brand?post=38001"},{"taxonomy":"product_cat","embeddable":true,"href":"https:\/\/www.miravila.com\/hr\/wp-json\/wp\/v2\/product_cat?post=38001"},{"taxonomy":"product_tag","embeddable":true,"href":"https:\/\/www.miravila.com\/hr\/wp-json\/wp\/v2\/product_tag?post=38001"}],"curies":[{"name":"wp","href":"https:\/\/api.w.org\/{rel}","templated":true}]}}