{"id":37914,"date":"2024-11-11T16:35:54","date_gmt":"2024-11-12T08:26:28","guid":{"rendered":"https:\/\/www.miravila.com\/product\/kugla-staklo-bozicna-zvijezda-d-10-cm-sre-bijela\/"},"modified":"2024-11-12T09:26:37","modified_gmt":"2024-11-12T08:26:37","slug":"kugla-staklo-bozicna-zvijezda-d-10-cm-sre-bijela","status":"publish","type":"product","link":"https:\/\/www.miravila.com\/hr\/proizvod\/kugla-staklo-bozicna-zvijezda-d-10-cm-sre-bijela\/","title":{"rendered":"Kugla staklo bo\u017ei\u0107na zvijezda d- 10 cm sre.bijela"},"content":{"rendered":"","protected":false},"excerpt":{"rendered":"<p>Novogodi\u0161nji ukras u bijeloj boji s 3d uzorkom.<\/p>\n","protected":false},"featured_media":24411,"comment_status":"closed","ping_status":"open","template":"","meta":[],"product_brand":[],"product_cat":[2018,3676],"product_tag":[5030,5032,5036],"class_list":{"0":"post-37914","1":"product","2":"type-product","3":"status-publish","4":"has-post-thumbnail","6":"product_cat-bozic","7":"product_cat-novogodisnji-ukrasi","8":"product_tag-bijela-bozicna-kolekcija","9":"product_tag-kolekcija-candy-cane-2","10":"product_tag-kolekcija-ledena-bajka","11":"pa_barva-bijela","12":"pa_velikost-10-2","14":"first","15":"instock","16":"taxable","17":"shipping-taxable","18":"purchasable","19":"product-type-simple"},"_links":{"self":[{"href":"https:\/\/www.miravila.com\/hr\/wp-json\/wp\/v2\/product\/37914","targetHints":{"allow":["GET"]}}],"collection":[{"href":"https:\/\/www.miravila.com\/hr\/wp-json\/wp\/v2\/product"}],"about":[{"href":"https:\/\/www.miravila.com\/hr\/wp-json\/wp\/v2\/types\/product"}],"replies":[{"embeddable":true,"href":"https:\/\/www.miravila.com\/hr\/wp-json\/wp\/v2\/comments?post=37914"}],"wp:featuredmedia":[{"embeddable":true,"href":"https:\/\/www.miravila.com\/hr\/wp-json\/wp\/v2\/media\/24411"}],"wp:attachment":[{"href":"https:\/\/www.miravila.com\/hr\/wp-json\/wp\/v2\/media?parent=37914"}],"wp:term":[{"taxonomy":"product_brand","embeddable":true,"href":"https:\/\/www.miravila.com\/hr\/wp-json\/wp\/v2\/product_brand?post=37914"},{"taxonomy":"product_cat","embeddable":true,"href":"https:\/\/www.miravila.com\/hr\/wp-json\/wp\/v2\/product_cat?post=37914"},{"taxonomy":"product_tag","embeddable":true,"href":"https:\/\/www.miravila.com\/hr\/wp-json\/wp\/v2\/product_tag?post=37914"}],"curies":[{"name":"wp","href":"https:\/\/api.w.org\/{rel}","templated":true}]}}