{"id":37854,"date":"2024-11-11T16:34:01","date_gmt":"2024-11-12T08:25:41","guid":{"rendered":"https:\/\/www.miravila.com\/product\/kugla-trottola-staklo-cof-h-35-d-17-cm\/"},"modified":"2026-02-03T02:12:18","modified_gmt":"2026-02-03T01:12:18","slug":"kugla-trottola-staklo-cof-h-35-d-17-cm","status":"publish","type":"product","link":"https:\/\/www.miravila.com\/hr\/kugla-trottola-staklo-cof-h-35-d-17-cm\/","title":{"rendered":"Kugla trottola staklo cof h-35, d-17 cm"},"content":{"rendered":"","protected":false},"excerpt":{"rendered":"<p>Novogodi\u0161nja ukras u crveno-ru\u017ei\u010dastoj boji sa zlatnom obrubom i pomponom.<\/p>\n","protected":false},"featured_media":25026,"comment_status":"closed","ping_status":"open","template":"","meta":[],"product_brand":[],"product_cat":[2018,3676],"product_tag":[5029],"class_list":{"0":"post-37854","1":"product","2":"type-product","3":"status-publish","4":"has-post-thumbnail","6":"product_cat-bozic","7":"product_cat-novogodisnji-ukrasi","8":"product_tag-adventska-kolekcija-punca","9":"pa_barva-ruzicasta","10":"pa_premer-17-cm-2","11":"pa_velikost-35-cm-2","13":"first","14":"instock","15":"taxable","16":"shipping-taxable","17":"purchasable","18":"product-type-simple"},"_links":{"self":[{"href":"https:\/\/www.miravila.com\/hr\/wp-json\/wp\/v2\/product\/37854","targetHints":{"allow":["GET"]}}],"collection":[{"href":"https:\/\/www.miravila.com\/hr\/wp-json\/wp\/v2\/product"}],"about":[{"href":"https:\/\/www.miravila.com\/hr\/wp-json\/wp\/v2\/types\/product"}],"replies":[{"embeddable":true,"href":"https:\/\/www.miravila.com\/hr\/wp-json\/wp\/v2\/comments?post=37854"}],"wp:featuredmedia":[{"embeddable":true,"href":"https:\/\/www.miravila.com\/hr\/wp-json\/wp\/v2\/media\/25026"}],"wp:attachment":[{"href":"https:\/\/www.miravila.com\/hr\/wp-json\/wp\/v2\/media?parent=37854"}],"wp:term":[{"taxonomy":"product_brand","embeddable":true,"href":"https:\/\/www.miravila.com\/hr\/wp-json\/wp\/v2\/product_brand?post=37854"},{"taxonomy":"product_cat","embeddable":true,"href":"https:\/\/www.miravila.com\/hr\/wp-json\/wp\/v2\/product_cat?post=37854"},{"taxonomy":"product_tag","embeddable":true,"href":"https:\/\/www.miravila.com\/hr\/wp-json\/wp\/v2\/product_tag?post=37854"}],"curies":[{"name":"wp","href":"https:\/\/api.w.org\/{rel}","templated":true}]}}