{"id":37827,"date":"2024-11-11T16:33:17","date_gmt":"2024-11-12T08:25:25","guid":{"rendered":"https:\/\/www.miravila.com\/product\/kugla-stakleni-bozicna-zvijezda-d-9-cm-x-1\/"},"modified":"2024-11-12T09:25:30","modified_gmt":"2024-11-12T08:25:30","slug":"kugla-stakleni-bozicna-zvijezda-d-9-cm-x-1","status":"publish","type":"product","link":"https:\/\/www.miravila.com\/hr\/proizvod\/kugla-stakleni-bozicna-zvijezda-d-9-cm-x-1\/","title":{"rendered":"Kugla stakleni bo\u017ei\u0107na zvijezda d-9 cm x 1"},"content":{"rendered":"","protected":false},"excerpt":{"rendered":"<p>Novogodi\u0161nja ukrasna stvar oslikana bo\u017ei\u0107nim motivom i sjajnim detaljima.<\/p>\n","protected":false},"featured_media":25277,"comment_status":"closed","ping_status":"open","template":"","meta":[],"product_brand":[],"product_cat":[2018,3676],"product_tag":[],"class_list":{"0":"post-37827","1":"product","2":"type-product","3":"status-publish","4":"has-post-thumbnail","6":"product_cat-bozic","7":"product_cat-novogodisnji-ukrasi","8":"pa_premer-9-2","9":"pa_velikost-9-2","11":"first","12":"outofstock","13":"taxable","14":"shipping-taxable","15":"purchasable","16":"product-type-simple"},"_links":{"self":[{"href":"https:\/\/www.miravila.com\/hr\/wp-json\/wp\/v2\/product\/37827","targetHints":{"allow":["GET"]}}],"collection":[{"href":"https:\/\/www.miravila.com\/hr\/wp-json\/wp\/v2\/product"}],"about":[{"href":"https:\/\/www.miravila.com\/hr\/wp-json\/wp\/v2\/types\/product"}],"replies":[{"embeddable":true,"href":"https:\/\/www.miravila.com\/hr\/wp-json\/wp\/v2\/comments?post=37827"}],"wp:featuredmedia":[{"embeddable":true,"href":"https:\/\/www.miravila.com\/hr\/wp-json\/wp\/v2\/media\/25277"}],"wp:attachment":[{"href":"https:\/\/www.miravila.com\/hr\/wp-json\/wp\/v2\/media?parent=37827"}],"wp:term":[{"taxonomy":"product_brand","embeddable":true,"href":"https:\/\/www.miravila.com\/hr\/wp-json\/wp\/v2\/product_brand?post=37827"},{"taxonomy":"product_cat","embeddable":true,"href":"https:\/\/www.miravila.com\/hr\/wp-json\/wp\/v2\/product_cat?post=37827"},{"taxonomy":"product_tag","embeddable":true,"href":"https:\/\/www.miravila.com\/hr\/wp-json\/wp\/v2\/product_tag?post=37827"}],"curies":[{"name":"wp","href":"https:\/\/api.w.org\/{rel}","templated":true}]}}