{"id":37816,"date":"2024-11-11T16:32:48","date_gmt":"2024-11-12T08:25:04","guid":{"rendered":"https:\/\/www.miravila.com\/product\/vaza-skorenj-ker-djed-mraz-h-19x23x10-cm-crvena\/"},"modified":"2024-12-05T12:00:40","modified_gmt":"2024-12-05T11:00:40","slug":"vaza-skorenj-ker-djed-mraz-h-19x23x10-cm-crvena","status":"publish","type":"product","link":"https:\/\/www.miravila.com\/hr\/vaza-skorenj-ker-djed-mraz-h-19x23x10-cm-crvena\/","title":{"rendered":"Vaza-\u0160korenj ker. djed mraz h-19x23x10 cm crvena"},"content":{"rendered":"","protected":false},"excerpt":{"rendered":"<p>Novogodi\u0161nja vaza u obliku bo\u017ei\u0107ne \u010darape.<\/p>\n","protected":false},"featured_media":25395,"comment_status":"closed","ping_status":"open","template":"","meta":[],"product_brand":[],"product_cat":[2018,3676],"product_tag":[],"class_list":{"0":"post-37816","1":"product","2":"type-product","3":"status-publish","4":"has-post-thumbnail","6":"product_cat-bozic","7":"product_cat-novogodisnji-ukrasi","8":"pa_barva-crvena","9":"pa_velikost-19-cm-2","11":"first","12":"outofstock","13":"taxable","14":"shipping-taxable","15":"purchasable","16":"product-type-simple"},"_links":{"self":[{"href":"https:\/\/www.miravila.com\/hr\/wp-json\/wp\/v2\/product\/37816","targetHints":{"allow":["GET"]}}],"collection":[{"href":"https:\/\/www.miravila.com\/hr\/wp-json\/wp\/v2\/product"}],"about":[{"href":"https:\/\/www.miravila.com\/hr\/wp-json\/wp\/v2\/types\/product"}],"replies":[{"embeddable":true,"href":"https:\/\/www.miravila.com\/hr\/wp-json\/wp\/v2\/comments?post=37816"}],"wp:featuredmedia":[{"embeddable":true,"href":"https:\/\/www.miravila.com\/hr\/wp-json\/wp\/v2\/media\/25395"}],"wp:attachment":[{"href":"https:\/\/www.miravila.com\/hr\/wp-json\/wp\/v2\/media?parent=37816"}],"wp:term":[{"taxonomy":"product_brand","embeddable":true,"href":"https:\/\/www.miravila.com\/hr\/wp-json\/wp\/v2\/product_brand?post=37816"},{"taxonomy":"product_cat","embeddable":true,"href":"https:\/\/www.miravila.com\/hr\/wp-json\/wp\/v2\/product_cat?post=37816"},{"taxonomy":"product_tag","embeddable":true,"href":"https:\/\/www.miravila.com\/hr\/wp-json\/wp\/v2\/product_tag?post=37816"}],"curies":[{"name":"wp","href":"https:\/\/api.w.org\/{rel}","templated":true}]}}