{"id":35564,"date":"2024-11-10T14:00:28","date_gmt":"2024-11-10T13:16:05","guid":{"rendered":"https:\/\/www.miravila.com\/product\/bozicna-zvijezda-cvijet-barsun-d-24cm-scipaljka-rosegold\/"},"modified":"2026-02-24T02:12:53","modified_gmt":"2026-02-24T01:12:53","slug":"bozicna-zvijezda-cvijet-barsun-d-24cm-scipaljka-rosegold","status":"publish","type":"product","link":"https:\/\/www.miravila.com\/hr\/bozicna-zvijezda-cvijet-barsun-d-24cm-scipaljka-rosegold\/","title":{"rendered":"Bo\u017ei\u0107na Zvijezda Cvijet Bar\u0161un D-24Cm \/ \u0160\u010dipaljka Rosegold"},"content":{"rendered":"","protected":false},"excerpt":{"rendered":"","protected":false},"featured_media":34805,"comment_status":"closed","ping_status":"open","template":"","meta":[],"product_brand":[],"product_cat":[2018,4790],"product_tag":[5029,5033,5044],"class_list":{"0":"post-35564","1":"product","2":"type-product","3":"status-publish","4":"has-post-thumbnail","6":"product_cat-bozic","7":"product_cat-novogodisnje-ruze","8":"product_tag-adventska-kolekcija-punca","9":"product_tag-kolekcija-candy-shop","10":"product_tag-ruzicasta-kolekcija","11":"pa_barva-ruzicasta","12":"pa_velikost-24-cm-2","14":"first","15":"instock","16":"taxable","17":"shipping-taxable","18":"purchasable","19":"product-type-simple"},"_links":{"self":[{"href":"https:\/\/www.miravila.com\/hr\/wp-json\/wp\/v2\/product\/35564","targetHints":{"allow":["GET"]}}],"collection":[{"href":"https:\/\/www.miravila.com\/hr\/wp-json\/wp\/v2\/product"}],"about":[{"href":"https:\/\/www.miravila.com\/hr\/wp-json\/wp\/v2\/types\/product"}],"replies":[{"embeddable":true,"href":"https:\/\/www.miravila.com\/hr\/wp-json\/wp\/v2\/comments?post=35564"}],"wp:featuredmedia":[{"embeddable":true,"href":"https:\/\/www.miravila.com\/hr\/wp-json\/wp\/v2\/media\/34805"}],"wp:attachment":[{"href":"https:\/\/www.miravila.com\/hr\/wp-json\/wp\/v2\/media?parent=35564"}],"wp:term":[{"taxonomy":"product_brand","embeddable":true,"href":"https:\/\/www.miravila.com\/hr\/wp-json\/wp\/v2\/product_brand?post=35564"},{"taxonomy":"product_cat","embeddable":true,"href":"https:\/\/www.miravila.com\/hr\/wp-json\/wp\/v2\/product_cat?post=35564"},{"taxonomy":"product_tag","embeddable":true,"href":"https:\/\/www.miravila.com\/hr\/wp-json\/wp\/v2\/product_tag?post=35564"}],"curies":[{"name":"wp","href":"https:\/\/api.w.org\/{rel}","templated":true}]}}