{"id":35560,"date":"2024-11-10T13:59:13","date_gmt":"2024-11-10T13:16:05","guid":{"rendered":"https:\/\/www.miravila.com\/product\/bozicna-zvijezda-cvat-barsun-glitt-d-20cm-scipaljka-rd\/"},"modified":"2026-02-05T02:13:29","modified_gmt":"2026-02-05T01:13:29","slug":"bozicna-zvijezda-cvat-barsun-glitt-d-20cm-scipaljka-rd","status":"publish","type":"product","link":"https:\/\/www.miravila.com\/hr\/bozicna-zvijezda-cvat-barsun-glitt-d-20cm-scipaljka-rd\/","title":{"rendered":"Bo\u017ei\u0107na Zvijezda Cvat Bar\u0161un Glitt.D-20Cm \/ \u0160\u010dipaljka Rd"},"content":{"rendered":"","protected":false},"excerpt":{"rendered":"","protected":false},"featured_media":34746,"comment_status":"closed","ping_status":"open","template":"","meta":[],"product_brand":[],"product_cat":[2018,4790],"product_tag":[5031,5032,5039],"class_list":{"0":"post-35560","1":"product","2":"type-product","3":"status-publish","4":"has-post-thumbnail","6":"product_cat-bozic","7":"product_cat-novogodisnje-ruze","8":"product_tag-bozicna-kucna-kolekcija","9":"product_tag-kolekcija-candy-cane-2","10":"product_tag-kolekcija-tradicionalni-bozic","11":"pa_barva-crvena","12":"pa_velikost-20-2","14":"first","15":"instock","16":"taxable","17":"shipping-taxable","18":"purchasable","19":"product-type-simple"},"_links":{"self":[{"href":"https:\/\/www.miravila.com\/hr\/wp-json\/wp\/v2\/product\/35560","targetHints":{"allow":["GET"]}}],"collection":[{"href":"https:\/\/www.miravila.com\/hr\/wp-json\/wp\/v2\/product"}],"about":[{"href":"https:\/\/www.miravila.com\/hr\/wp-json\/wp\/v2\/types\/product"}],"replies":[{"embeddable":true,"href":"https:\/\/www.miravila.com\/hr\/wp-json\/wp\/v2\/comments?post=35560"}],"wp:featuredmedia":[{"embeddable":true,"href":"https:\/\/www.miravila.com\/hr\/wp-json\/wp\/v2\/media\/34746"}],"wp:attachment":[{"href":"https:\/\/www.miravila.com\/hr\/wp-json\/wp\/v2\/media?parent=35560"}],"wp:term":[{"taxonomy":"product_brand","embeddable":true,"href":"https:\/\/www.miravila.com\/hr\/wp-json\/wp\/v2\/product_brand?post=35560"},{"taxonomy":"product_cat","embeddable":true,"href":"https:\/\/www.miravila.com\/hr\/wp-json\/wp\/v2\/product_cat?post=35560"},{"taxonomy":"product_tag","embeddable":true,"href":"https:\/\/www.miravila.com\/hr\/wp-json\/wp\/v2\/product_tag?post=35560"}],"curies":[{"name":"wp","href":"https:\/\/api.w.org\/{rel}","templated":true}]}}