{"id":35556,"date":"2024-11-10T14:01:36","date_gmt":"2024-11-10T13:16:05","guid":{"rendered":"https:\/\/www.miravila.com\/product\/magnolija-cvijet-barsun-tocka-d-23-cm-bez\/"},"modified":"2026-02-05T02:13:35","modified_gmt":"2026-02-05T01:13:35","slug":"magnolija-cvijet-barsun-tocka-d-23-cm-bez","status":"publish","type":"product","link":"https:\/\/www.miravila.com\/hr\/magnolija-cvijet-barsun-tocka-d-23-cm-bez\/","title":{"rendered":"Magnolija Cvijet Bar\u0161un To\u010dka D-23 Cm Be\u017e"},"content":{"rendered":"","protected":false},"excerpt":{"rendered":"","protected":false},"featured_media":34968,"comment_status":"closed","ping_status":"open","template":"","meta":[],"product_brand":[],"product_cat":[2018,4790],"product_tag":[5034,5035,5040,5038],"class_list":{"0":"post-35556","1":"product","2":"type-product","3":"status-publish","4":"has-post-thumbnail","6":"product_cat-bozic","7":"product_cat-novogodisnje-ruze","8":"product_tag-hollywoodska-kolekcija-glamura","9":"product_tag-kolekcija-kraljevske-palace","10":"product_tag-kolekcija-zelena-elegancija","11":"product_tag-kolekcije-polarna-noc","12":"pa_barva-zlatna","13":"pa_velikost-23-cm-2","15":"first","16":"instock","17":"taxable","18":"shipping-taxable","19":"purchasable","20":"product-type-simple"},"_links":{"self":[{"href":"https:\/\/www.miravila.com\/hr\/wp-json\/wp\/v2\/product\/35556","targetHints":{"allow":["GET"]}}],"collection":[{"href":"https:\/\/www.miravila.com\/hr\/wp-json\/wp\/v2\/product"}],"about":[{"href":"https:\/\/www.miravila.com\/hr\/wp-json\/wp\/v2\/types\/product"}],"replies":[{"embeddable":true,"href":"https:\/\/www.miravila.com\/hr\/wp-json\/wp\/v2\/comments?post=35556"}],"wp:featuredmedia":[{"embeddable":true,"href":"https:\/\/www.miravila.com\/hr\/wp-json\/wp\/v2\/media\/34968"}],"wp:attachment":[{"href":"https:\/\/www.miravila.com\/hr\/wp-json\/wp\/v2\/media?parent=35556"}],"wp:term":[{"taxonomy":"product_brand","embeddable":true,"href":"https:\/\/www.miravila.com\/hr\/wp-json\/wp\/v2\/product_brand?post=35556"},{"taxonomy":"product_cat","embeddable":true,"href":"https:\/\/www.miravila.com\/hr\/wp-json\/wp\/v2\/product_cat?post=35556"},{"taxonomy":"product_tag","embeddable":true,"href":"https:\/\/www.miravila.com\/hr\/wp-json\/wp\/v2\/product_tag?post=35556"}],"curies":[{"name":"wp","href":"https:\/\/api.w.org\/{rel}","templated":true}]}}