{"id":35545,"date":"2024-11-10T13:58:16","date_gmt":"2024-11-10T13:15:52","guid":{"rendered":"https:\/\/www.miravila.com\/product\/poinsettia-na-spinki-poliester-sljokice\/"},"modified":"2024-12-05T12:07:07","modified_gmt":"2024-12-05T11:07:07","slug":"poinsettia-na-spinki-poliester-sljokice","status":"publish","type":"product","link":"https:\/\/www.miravila.com\/hr\/poinsettia-na-spinki-poliester-sljokice\/","title":{"rendered":"Poinsettia Na Spinki Poliester \u0160ljokice"},"content":{"rendered":"","protected":false},"excerpt":{"rendered":"<p>Poinsettia na kop\u010di izra\u0111ena je od poliestera i ukra\u0161ena \u0161ljokicama. Ovaj prekrasan cvijet zasigurno \u0107e privu\u0107i pa\u017enju na svakom doga\u0111aju ili proslavi. Svojom \u017eivahnom crvenom bojom dodat \u0107e blagdansko raspolo\u017eenje i upotpuniti va\u0161u kosu ili odje\u0107u. Poinsettia na kop\u010di je izdr\u017eljiva i lagana za no\u0161enje, stoga je mo\u017eete nositi cijeli dan bez neugodnosti. Budite u sredi\u0161tu pa\u017enje s ovim prekrasnim i elegantnim cvijetom na kop\u010di!<\/p>\n","protected":false},"featured_media":34596,"comment_status":"closed","ping_status":"open","template":"","meta":[],"product_brand":[],"product_cat":[2018,4790],"product_tag":[],"class_list":{"0":"post-35545","1":"product","2":"type-product","3":"status-publish","4":"has-post-thumbnail","6":"product_cat-bozic","7":"product_cat-novogodisnje-ruze","8":"pa_barva-bijela","9":"pa_velikost-26-cm-2","11":"first","12":"outofstock","13":"taxable","14":"shipping-taxable","15":"purchasable","16":"product-type-simple"},"_links":{"self":[{"href":"https:\/\/www.miravila.com\/hr\/wp-json\/wp\/v2\/product\/35545","targetHints":{"allow":["GET"]}}],"collection":[{"href":"https:\/\/www.miravila.com\/hr\/wp-json\/wp\/v2\/product"}],"about":[{"href":"https:\/\/www.miravila.com\/hr\/wp-json\/wp\/v2\/types\/product"}],"replies":[{"embeddable":true,"href":"https:\/\/www.miravila.com\/hr\/wp-json\/wp\/v2\/comments?post=35545"}],"wp:featuredmedia":[{"embeddable":true,"href":"https:\/\/www.miravila.com\/hr\/wp-json\/wp\/v2\/media\/34596"}],"wp:attachment":[{"href":"https:\/\/www.miravila.com\/hr\/wp-json\/wp\/v2\/media?parent=35545"}],"wp:term":[{"taxonomy":"product_brand","embeddable":true,"href":"https:\/\/www.miravila.com\/hr\/wp-json\/wp\/v2\/product_brand?post=35545"},{"taxonomy":"product_cat","embeddable":true,"href":"https:\/\/www.miravila.com\/hr\/wp-json\/wp\/v2\/product_cat?post=35545"},{"taxonomy":"product_tag","embeddable":true,"href":"https:\/\/www.miravila.com\/hr\/wp-json\/wp\/v2\/product_tag?post=35545"}],"curies":[{"name":"wp","href":"https:\/\/api.w.org\/{rel}","templated":true}]}}