{"id":35541,"date":"2024-11-10T14:01:36","date_gmt":"2024-11-10T13:15:52","guid":{"rendered":"https:\/\/www.miravila.com\/product\/bozicna-zvijezda-na-spongi-iz-poliestera-s-metalnim-zavrsetkom\/"},"modified":"2024-12-05T12:06:40","modified_gmt":"2024-12-05T11:06:40","slug":"bozicna-zvijezda-na-spongi-iz-poliestera-s-metalnim-zavrsetkom","status":"publish","type":"product","link":"https:\/\/www.miravila.com\/hr\/bozicna-zvijezda-na-spongi-iz-poliestera-s-metalnim-zavrsetkom\/","title":{"rendered":"Bo\u017ei\u0107na Zvijezda Na Spongi Iz Poliestera S Metalnim Zavr\u0161etkom"},"content":{"rendered":"","protected":false},"excerpt":{"rendered":"<p>Bo\u017ei\u0107na zvijezda na kop\u010di izra\u0111ena je od poliestra s metalnim zavr\u0161etkom. Ova prekrasna bo\u017ei\u0107na dekoracija savr\u0161ena je za oboga\u0107ivanje va\u0161eg blagdanskog ukra\u0161avanja. Zvijezda je pri\u010dvr\u0161\u0107ena na kop\u010du koja omogu\u0107ava jednostavno pri\u010dvr\u0161\u0107ivanje na razli\u010dite povr\u0161ine, poput drve\u0107a, vijenca ili prozorskih dasaka. Izra\u0111ena je od izdr\u017eljivog poliestra koji osigurava dug vijek trajanja proizvoda. Metalni zavr\u0161etak dodaje elegantan i sjajan izgled. Bo\u017ei\u0107na zvijezda na kop\u010di odli\u010dan je izbor za dodavanje blagdanske atmosfere u va\u0161 dom ili ured.<\/p>\n","protected":false},"featured_media":34945,"comment_status":"closed","ping_status":"open","template":"","meta":[],"product_brand":[],"product_cat":[2018,4790],"product_tag":[],"class_list":{"0":"post-35541","1":"product","2":"type-product","3":"status-publish","4":"has-post-thumbnail","6":"product_cat-bozic","7":"product_cat-novogodisnje-ruze","8":"pa_barva-zlatna","9":"pa_velikost-28-cm-2","11":"first","12":"outofstock","13":"taxable","14":"shipping-taxable","15":"purchasable","16":"product-type-simple"},"_links":{"self":[{"href":"https:\/\/www.miravila.com\/hr\/wp-json\/wp\/v2\/product\/35541","targetHints":{"allow":["GET"]}}],"collection":[{"href":"https:\/\/www.miravila.com\/hr\/wp-json\/wp\/v2\/product"}],"about":[{"href":"https:\/\/www.miravila.com\/hr\/wp-json\/wp\/v2\/types\/product"}],"replies":[{"embeddable":true,"href":"https:\/\/www.miravila.com\/hr\/wp-json\/wp\/v2\/comments?post=35541"}],"wp:featuredmedia":[{"embeddable":true,"href":"https:\/\/www.miravila.com\/hr\/wp-json\/wp\/v2\/media\/34945"}],"wp:attachment":[{"href":"https:\/\/www.miravila.com\/hr\/wp-json\/wp\/v2\/media?parent=35541"}],"wp:term":[{"taxonomy":"product_brand","embeddable":true,"href":"https:\/\/www.miravila.com\/hr\/wp-json\/wp\/v2\/product_brand?post=35541"},{"taxonomy":"product_cat","embeddable":true,"href":"https:\/\/www.miravila.com\/hr\/wp-json\/wp\/v2\/product_cat?post=35541"},{"taxonomy":"product_tag","embeddable":true,"href":"https:\/\/www.miravila.com\/hr\/wp-json\/wp\/v2\/product_tag?post=35541"}],"curies":[{"name":"wp","href":"https:\/\/api.w.org\/{rel}","templated":true}]}}