{"id":35518,"date":"2024-11-10T14:01:36","date_gmt":"2024-11-10T13:15:41","guid":{"rendered":"https:\/\/www.miravila.com\/product\/bozicna-zvezda-barsun-glitter-pik-d-28-cm-zlata\/"},"modified":"2024-12-05T12:08:05","modified_gmt":"2024-12-05T11:08:05","slug":"bozicna-zvezda-barsun-glitter-pik-d-28-cm-zlata","status":"publish","type":"product","link":"https:\/\/www.miravila.com\/hr\/bozicna-zvezda-barsun-glitter-pik-d-28-cm-zlata\/","title":{"rendered":"Bo\u017ei\u0107na Zvezda Bar\u0161un Glitter Pik D-28 Cm Zlata"},"content":{"rendered":"","protected":false},"excerpt":{"rendered":"<p>Novogodi\u0161nja ukrasna stvar BO\u017dI\u0106NA ZVJEZDA BAR\u0160UN GLITTER \u0160TAPI\u0106 D-28 CM ZLATNA<\/p>\n","protected":false},"featured_media":34905,"comment_status":"closed","ping_status":"open","template":"","meta":[],"product_brand":[],"product_cat":[2018,4790],"product_tag":[],"class_list":{"0":"post-35518","1":"product","2":"type-product","3":"status-publish","4":"has-post-thumbnail","6":"product_cat-bozic","7":"product_cat-novogodisnje-ruze","8":"pa_barva-zlatna","9":"pa_velikost-28-cm-2","11":"first","12":"outofstock","13":"taxable","14":"shipping-taxable","15":"purchasable","16":"product-type-simple"},"_links":{"self":[{"href":"https:\/\/www.miravila.com\/hr\/wp-json\/wp\/v2\/product\/35518","targetHints":{"allow":["GET"]}}],"collection":[{"href":"https:\/\/www.miravila.com\/hr\/wp-json\/wp\/v2\/product"}],"about":[{"href":"https:\/\/www.miravila.com\/hr\/wp-json\/wp\/v2\/types\/product"}],"replies":[{"embeddable":true,"href":"https:\/\/www.miravila.com\/hr\/wp-json\/wp\/v2\/comments?post=35518"}],"wp:featuredmedia":[{"embeddable":true,"href":"https:\/\/www.miravila.com\/hr\/wp-json\/wp\/v2\/media\/34905"}],"wp:attachment":[{"href":"https:\/\/www.miravila.com\/hr\/wp-json\/wp\/v2\/media?parent=35518"}],"wp:term":[{"taxonomy":"product_brand","embeddable":true,"href":"https:\/\/www.miravila.com\/hr\/wp-json\/wp\/v2\/product_brand?post=35518"},{"taxonomy":"product_cat","embeddable":true,"href":"https:\/\/www.miravila.com\/hr\/wp-json\/wp\/v2\/product_cat?post=35518"},{"taxonomy":"product_tag","embeddable":true,"href":"https:\/\/www.miravila.com\/hr\/wp-json\/wp\/v2\/product_tag?post=35518"}],"curies":[{"name":"wp","href":"https:\/\/api.w.org\/{rel}","templated":true}]}}