{"id":35517,"date":"2024-11-10T14:01:36","date_gmt":"2024-11-10T13:15:41","guid":{"rendered":"https:\/\/www.miravila.com\/product\/magnolija-metalni-zvoncic-buket-40-cm-zlati\/"},"modified":"2026-02-05T02:12:43","modified_gmt":"2026-02-05T01:12:43","slug":"magnolija-metalni-zvoncic-buket-40-cm-zlati","status":"publish","type":"product","link":"https:\/\/www.miravila.com\/hr\/magnolija-metalni-zvoncic-buket-40-cm-zlati\/","title":{"rendered":"Magnolija Metalni Zvon\u010di\u0107 Buket 40 Cm Zlati"},"content":{"rendered":"","protected":false},"excerpt":{"rendered":"<p>Novogodi\u0161nji ukras MAGNOLIA LIST METAL ZVONO BUKET 40 CM ZLATNO<\/p>\n","protected":false},"featured_media":34900,"comment_status":"closed","ping_status":"open","template":"","meta":[],"product_brand":[],"product_cat":[2018,4790],"product_tag":[5031,5034,5035,5040,5038],"class_list":{"0":"post-35517","1":"product","2":"type-product","3":"status-publish","4":"has-post-thumbnail","6":"product_cat-bozic","7":"product_cat-novogodisnje-ruze","8":"product_tag-bozicna-kucna-kolekcija","9":"product_tag-hollywoodska-kolekcija-glamura","10":"product_tag-kolekcija-kraljevske-palace","11":"product_tag-kolekcija-zelena-elegancija","12":"product_tag-kolekcije-polarna-noc","13":"pa_barva-zlatna","14":"pa_velikost-40-2","16":"first","17":"outofstock","18":"taxable","19":"shipping-taxable","20":"purchasable","21":"product-type-simple"},"_links":{"self":[{"href":"https:\/\/www.miravila.com\/hr\/wp-json\/wp\/v2\/product\/35517","targetHints":{"allow":["GET"]}}],"collection":[{"href":"https:\/\/www.miravila.com\/hr\/wp-json\/wp\/v2\/product"}],"about":[{"href":"https:\/\/www.miravila.com\/hr\/wp-json\/wp\/v2\/types\/product"}],"replies":[{"embeddable":true,"href":"https:\/\/www.miravila.com\/hr\/wp-json\/wp\/v2\/comments?post=35517"}],"wp:featuredmedia":[{"embeddable":true,"href":"https:\/\/www.miravila.com\/hr\/wp-json\/wp\/v2\/media\/34900"}],"wp:attachment":[{"href":"https:\/\/www.miravila.com\/hr\/wp-json\/wp\/v2\/media?parent=35517"}],"wp:term":[{"taxonomy":"product_brand","embeddable":true,"href":"https:\/\/www.miravila.com\/hr\/wp-json\/wp\/v2\/product_brand?post=35517"},{"taxonomy":"product_cat","embeddable":true,"href":"https:\/\/www.miravila.com\/hr\/wp-json\/wp\/v2\/product_cat?post=35517"},{"taxonomy":"product_tag","embeddable":true,"href":"https:\/\/www.miravila.com\/hr\/wp-json\/wp\/v2\/product_tag?post=35517"}],"curies":[{"name":"wp","href":"https:\/\/api.w.org\/{rel}","templated":true}]}}