{"id":35516,"date":"2024-11-10T13:58:16","date_gmt":"2024-11-10T13:15:41","guid":{"rendered":"https:\/\/www.miravila.com\/product\/anemona-zamet-glitter-pik-h-18-kristal\/"},"modified":"2024-11-11T13:32:42","modified_gmt":"2024-11-11T12:32:42","slug":"anemona-zamet-glitter-pik-h-18-kristal","status":"publish","type":"product","link":"https:\/\/www.miravila.com\/hr\/proizvod\/anemona-zamet-glitter-pik-h-18-kristal\/","title":{"rendered":"Anemona \u017damet Glitter Pik H-18 Kristal"},"content":{"rendered":"","protected":false},"excerpt":{"rendered":"<p>Novogodi\u0161nja ukrasna stvar ANEMONA BAR\u0160UN GLITTER PIK H-18 KRISTAL<\/p>\n","protected":false},"featured_media":34567,"comment_status":"closed","ping_status":"open","template":"","meta":[],"product_brand":[],"product_cat":[2018,4790],"product_tag":[],"class_list":{"0":"post-35516","1":"product","2":"type-product","3":"status-publish","4":"has-post-thumbnail","6":"product_cat-bozic","7":"product_cat-novogodisnje-ruze","8":"pa_barva-bijela","9":"pa_velikost-18-2","11":"first","12":"outofstock","13":"taxable","14":"shipping-taxable","15":"purchasable","16":"product-type-simple"},"_links":{"self":[{"href":"https:\/\/www.miravila.com\/hr\/wp-json\/wp\/v2\/product\/35516","targetHints":{"allow":["GET"]}}],"collection":[{"href":"https:\/\/www.miravila.com\/hr\/wp-json\/wp\/v2\/product"}],"about":[{"href":"https:\/\/www.miravila.com\/hr\/wp-json\/wp\/v2\/types\/product"}],"replies":[{"embeddable":true,"href":"https:\/\/www.miravila.com\/hr\/wp-json\/wp\/v2\/comments?post=35516"}],"wp:featuredmedia":[{"embeddable":true,"href":"https:\/\/www.miravila.com\/hr\/wp-json\/wp\/v2\/media\/34567"}],"wp:attachment":[{"href":"https:\/\/www.miravila.com\/hr\/wp-json\/wp\/v2\/media?parent=35516"}],"wp:term":[{"taxonomy":"product_brand","embeddable":true,"href":"https:\/\/www.miravila.com\/hr\/wp-json\/wp\/v2\/product_brand?post=35516"},{"taxonomy":"product_cat","embeddable":true,"href":"https:\/\/www.miravila.com\/hr\/wp-json\/wp\/v2\/product_cat?post=35516"},{"taxonomy":"product_tag","embeddable":true,"href":"https:\/\/www.miravila.com\/hr\/wp-json\/wp\/v2\/product_tag?post=35516"}],"curies":[{"name":"wp","href":"https:\/\/api.w.org\/{rel}","templated":true}]}}