{"id":35500,"date":"2024-11-10T13:59:13","date_gmt":"2024-11-10T13:15:29","guid":{"rendered":"https:\/\/www.miravila.com\/product\/magnolija-metalsljokice-pik-d-28-cm-ruzicasta\/"},"modified":"2024-12-05T12:01:12","modified_gmt":"2024-12-05T11:01:12","slug":"magnolija-metalsljokice-pik-d-28-cm-ruzicasta","status":"publish","type":"product","link":"https:\/\/www.miravila.com\/hr\/magnolija-metalsljokice-pik-d-28-cm-ruzicasta\/","title":{"rendered":"Magnolija Metal+\u0160ljokice Pik D-28 Cm Ru\u017ei\u010dasta"},"content":{"rendered":"","protected":false},"excerpt":{"rendered":"","protected":false},"featured_media":34761,"comment_status":"closed","ping_status":"open","template":"","meta":[],"product_brand":[],"product_cat":[2018,4790],"product_tag":[],"class_list":{"0":"post-35500","1":"product","2":"type-product","3":"status-publish","4":"has-post-thumbnail","6":"product_cat-bozic","7":"product_cat-novogodisnje-ruze","8":"pa_barva-ruzicasta","9":"pa_velikost-28-cm-2","11":"first","12":"outofstock","13":"taxable","14":"shipping-taxable","15":"purchasable","16":"product-type-simple"},"_links":{"self":[{"href":"https:\/\/www.miravila.com\/hr\/wp-json\/wp\/v2\/product\/35500","targetHints":{"allow":["GET"]}}],"collection":[{"href":"https:\/\/www.miravila.com\/hr\/wp-json\/wp\/v2\/product"}],"about":[{"href":"https:\/\/www.miravila.com\/hr\/wp-json\/wp\/v2\/types\/product"}],"replies":[{"embeddable":true,"href":"https:\/\/www.miravila.com\/hr\/wp-json\/wp\/v2\/comments?post=35500"}],"wp:featuredmedia":[{"embeddable":true,"href":"https:\/\/www.miravila.com\/hr\/wp-json\/wp\/v2\/media\/34761"}],"wp:attachment":[{"href":"https:\/\/www.miravila.com\/hr\/wp-json\/wp\/v2\/media?parent=35500"}],"wp:term":[{"taxonomy":"product_brand","embeddable":true,"href":"https:\/\/www.miravila.com\/hr\/wp-json\/wp\/v2\/product_brand?post=35500"},{"taxonomy":"product_cat","embeddable":true,"href":"https:\/\/www.miravila.com\/hr\/wp-json\/wp\/v2\/product_cat?post=35500"},{"taxonomy":"product_tag","embeddable":true,"href":"https:\/\/www.miravila.com\/hr\/wp-json\/wp\/v2\/product_tag?post=35500"}],"curies":[{"name":"wp","href":"https:\/\/api.w.org\/{rel}","templated":true}]}}