{"id":35433,"date":"2024-11-10T14:03:08","date_gmt":"2024-11-10T13:14:50","guid":{"rendered":"https:\/\/www.miravila.com\/product\/bozicna-zvijezda-bell-grana-74-cm-zuto-zlatna\/"},"modified":"2025-11-21T02:12:40","modified_gmt":"2025-11-21T01:12:40","slug":"bozicna-zvijezda-bell-grana-74-cm-zuto-zlatna","status":"publish","type":"product","link":"https:\/\/www.miravila.com\/hr\/bozicna-zvijezda-bell-grana-74-cm-zuto-zlatna\/","title":{"rendered":"Bo\u017ei\u0107na Zvijezda Bell Grana 74 cm \u017duto-Zlatna"},"content":{"rendered":"","protected":false},"excerpt":{"rendered":"<p>Cvat bo\u017ei\u0107ne zvijezde u \u017euto-zlatnoj boji na stabljici.<\/p>\n","protected":false},"featured_media":35098,"comment_status":"closed","ping_status":"open","template":"","meta":[],"product_brand":[],"product_cat":[2018,4790],"product_tag":[5035,5040],"class_list":{"0":"post-35433","1":"product","2":"type-product","3":"status-publish","4":"has-post-thumbnail","6":"product_cat-bozic","7":"product_cat-novogodisnje-ruze","8":"product_tag-kolekcija-kraljevske-palace","9":"product_tag-kolekcija-zelena-elegancija","10":"pa_velikost-74-cm","12":"first","13":"outofstock","14":"taxable","15":"shipping-taxable","16":"purchasable","17":"product-type-simple"},"_links":{"self":[{"href":"https:\/\/www.miravila.com\/hr\/wp-json\/wp\/v2\/product\/35433","targetHints":{"allow":["GET"]}}],"collection":[{"href":"https:\/\/www.miravila.com\/hr\/wp-json\/wp\/v2\/product"}],"about":[{"href":"https:\/\/www.miravila.com\/hr\/wp-json\/wp\/v2\/types\/product"}],"replies":[{"embeddable":true,"href":"https:\/\/www.miravila.com\/hr\/wp-json\/wp\/v2\/comments?post=35433"}],"wp:featuredmedia":[{"embeddable":true,"href":"https:\/\/www.miravila.com\/hr\/wp-json\/wp\/v2\/media\/35098"}],"wp:attachment":[{"href":"https:\/\/www.miravila.com\/hr\/wp-json\/wp\/v2\/media?parent=35433"}],"wp:term":[{"taxonomy":"product_brand","embeddable":true,"href":"https:\/\/www.miravila.com\/hr\/wp-json\/wp\/v2\/product_brand?post=35433"},{"taxonomy":"product_cat","embeddable":true,"href":"https:\/\/www.miravila.com\/hr\/wp-json\/wp\/v2\/product_cat?post=35433"},{"taxonomy":"product_tag","embeddable":true,"href":"https:\/\/www.miravila.com\/hr\/wp-json\/wp\/v2\/product_tag?post=35433"}],"curies":[{"name":"wp","href":"https:\/\/api.w.org\/{rel}","templated":true}]}}