{"id":33570,"date":"2024-11-09T16:42:27","date_gmt":"2024-11-10T08:35:45","guid":{"rendered":"https:\/\/www.miravila.com\/product\/svijeca-vaza-xie-d-15h-75-diseca-pupkin-spice\/"},"modified":"2024-12-05T12:03:11","modified_gmt":"2024-12-05T11:03:11","slug":"svijeca-vaza-xie-d-15h-75-diseca-pupkin-spice","status":"publish","type":"product","link":"https:\/\/www.miravila.com\/hr\/svijeca-vaza-xie-d-15h-75-diseca-pupkin-spice\/","title":{"rendered":"Svije\u0107a-Vaza Xie D-15,H-7,5 Di\u0161e\u010da Pupkin Spice"},"content":{"rendered":"","protected":false},"excerpt":{"rendered":"","protected":false},"featured_media":31855,"comment_status":"closed","ping_status":"open","template":"","meta":[],"product_brand":[],"product_cat":[35,4394],"product_tag":[],"class_list":{"0":"post-33570","1":"product","2":"type-product","3":"status-publish","4":"has-post-thumbnail","6":"product_cat-posude-za-cvijece","7":"product_cat-svijece","8":"pa_barva-bordo-crvena","9":"pa_premer-75-2","10":"pa_velikost-15-2","11":"pa_visina-2906","13":"first","14":"outofstock","15":"taxable","16":"shipping-taxable","17":"purchasable","18":"product-type-simple"},"_links":{"self":[{"href":"https:\/\/www.miravila.com\/hr\/wp-json\/wp\/v2\/product\/33570","targetHints":{"allow":["GET"]}}],"collection":[{"href":"https:\/\/www.miravila.com\/hr\/wp-json\/wp\/v2\/product"}],"about":[{"href":"https:\/\/www.miravila.com\/hr\/wp-json\/wp\/v2\/types\/product"}],"replies":[{"embeddable":true,"href":"https:\/\/www.miravila.com\/hr\/wp-json\/wp\/v2\/comments?post=33570"}],"wp:featuredmedia":[{"embeddable":true,"href":"https:\/\/www.miravila.com\/hr\/wp-json\/wp\/v2\/media\/31855"}],"wp:attachment":[{"href":"https:\/\/www.miravila.com\/hr\/wp-json\/wp\/v2\/media?parent=33570"}],"wp:term":[{"taxonomy":"product_brand","embeddable":true,"href":"https:\/\/www.miravila.com\/hr\/wp-json\/wp\/v2\/product_brand?post=33570"},{"taxonomy":"product_cat","embeddable":true,"href":"https:\/\/www.miravila.com\/hr\/wp-json\/wp\/v2\/product_cat?post=33570"},{"taxonomy":"product_tag","embeddable":true,"href":"https:\/\/www.miravila.com\/hr\/wp-json\/wp\/v2\/product_tag?post=33570"}],"curies":[{"name":"wp","href":"https:\/\/api.w.org\/{rel}","templated":true}]}}