{"id":31031,"date":"2024-10-12T13:23:46","date_gmt":"2024-10-12T11:23:46","guid":{"rendered":"https:\/\/www.miravila.com\/product\/novogodisnja-jelka-90-cm\/"},"modified":"2025-12-18T15:42:28","modified_gmt":"2025-12-18T14:42:28","slug":"novogodisnja-jelka-90-cm","status":"publish","type":"product","link":"https:\/\/www.miravila.com\/hr\/novogodisnja-jelka-90-cm\/","title":{"rendered":"Novogodi\u0161nja jelka 90 cm"},"content":{"rendered":"","protected":false},"excerpt":{"rendered":"<p>Novogodi\u0161nja jelka visine 90 cm idealan je izbor za manje prostore ili kao dodatna dekoracija u va\u0161em domu. Sa svojim prirodnim izgledom i gustim gran\u010dicama donosi blagdanski ugo\u0111aj u svaki kutak. Jednostavna za postavljanje i skladi\u0161tenje, ova kompaktna jelka omogu\u0107uje vam da u\u017eivate u \u010daroliji blagdana bez nepotrebnog stresa. Dodajte svoje omiljene ukrase i lampice te stvorite prekrasnu blagdansku dekoraciju koja \u0107e odu\u0161eviti sve posjetitelje.<\/p>\n","protected":false},"featured_media":31013,"comment_status":"closed","ping_status":"open","template":"","meta":[],"product_brand":[],"product_cat":[2018,2258],"product_tag":[],"class_list":{"0":"post-31031","1":"product","2":"type-product","3":"status-publish","4":"has-post-thumbnail","6":"product_cat-bozic","7":"product_cat-bozicna-drvca","8":"pa_velikost-90cm","10":"first","11":"instock","12":"taxable","13":"shipping-taxable","14":"purchasable","15":"product-type-simple"},"_links":{"self":[{"href":"https:\/\/www.miravila.com\/hr\/wp-json\/wp\/v2\/product\/31031","targetHints":{"allow":["GET"]}}],"collection":[{"href":"https:\/\/www.miravila.com\/hr\/wp-json\/wp\/v2\/product"}],"about":[{"href":"https:\/\/www.miravila.com\/hr\/wp-json\/wp\/v2\/types\/product"}],"replies":[{"embeddable":true,"href":"https:\/\/www.miravila.com\/hr\/wp-json\/wp\/v2\/comments?post=31031"}],"wp:featuredmedia":[{"embeddable":true,"href":"https:\/\/www.miravila.com\/hr\/wp-json\/wp\/v2\/media\/31013"}],"wp:attachment":[{"href":"https:\/\/www.miravila.com\/hr\/wp-json\/wp\/v2\/media?parent=31031"}],"wp:term":[{"taxonomy":"product_brand","embeddable":true,"href":"https:\/\/www.miravila.com\/hr\/wp-json\/wp\/v2\/product_brand?post=31031"},{"taxonomy":"product_cat","embeddable":true,"href":"https:\/\/www.miravila.com\/hr\/wp-json\/wp\/v2\/product_cat?post=31031"},{"taxonomy":"product_tag","embeddable":true,"href":"https:\/\/www.miravila.com\/hr\/wp-json\/wp\/v2\/product_tag?post=31031"}],"curies":[{"name":"wp","href":"https:\/\/api.w.org\/{rel}","templated":true}]}}