{"id":30877,"date":"2024-10-12T09:16:08","date_gmt":"2024-10-12T07:58:53","guid":{"rendered":"https:\/\/www.miravila.com\/product\/bozicno-drvce-micro-lights-x-9600-150x81x20-cm\/"},"modified":"2024-12-05T12:07:12","modified_gmt":"2024-12-05T11:07:12","slug":"bozicno-drvce-micro-lights-x-9600-150x81x20-cm","status":"publish","type":"product","link":"https:\/\/www.miravila.com\/hr\/bozicno-drvce-micro-lights-x-9600-150x81x20-cm\/","title":{"rendered":"Bo\u017ei\u0107no drvce Micro Lights X 9600, 150X81X20 cm"},"content":{"rendered":"","protected":false},"excerpt":{"rendered":"<p>Bo\u017ei\u0107no drvce izra\u0111eno od mikro LED lampica. Visina 150cm. Broj svjetala 9600. Toplo bijelo svjetlo. Okvir jelke je bakrene boje. Smreka dimenzija 150x81x20cm. 8 bljeskaju\u0107ih efekata.      <\/p>\n","protected":false},"featured_media":30684,"comment_status":"closed","ping_status":"closed","template":"","meta":[],"product_brand":[],"product_cat":[2018,4067],"product_tag":[],"class_list":{"0":"post-30877","1":"product","2":"type-product","3":"status-publish","4":"has-post-thumbnail","6":"product_cat-bozic","7":"product_cat-bozicna-svjetla","9":"first","10":"outofstock","11":"taxable","12":"shipping-taxable","13":"purchasable","14":"product-type-simple"},"_links":{"self":[{"href":"https:\/\/www.miravila.com\/hr\/wp-json\/wp\/v2\/product\/30877","targetHints":{"allow":["GET"]}}],"collection":[{"href":"https:\/\/www.miravila.com\/hr\/wp-json\/wp\/v2\/product"}],"about":[{"href":"https:\/\/www.miravila.com\/hr\/wp-json\/wp\/v2\/types\/product"}],"replies":[{"embeddable":true,"href":"https:\/\/www.miravila.com\/hr\/wp-json\/wp\/v2\/comments?post=30877"}],"wp:featuredmedia":[{"embeddable":true,"href":"https:\/\/www.miravila.com\/hr\/wp-json\/wp\/v2\/media\/30684"}],"wp:attachment":[{"href":"https:\/\/www.miravila.com\/hr\/wp-json\/wp\/v2\/media?parent=30877"}],"wp:term":[{"taxonomy":"product_brand","embeddable":true,"href":"https:\/\/www.miravila.com\/hr\/wp-json\/wp\/v2\/product_brand?post=30877"},{"taxonomy":"product_cat","embeddable":true,"href":"https:\/\/www.miravila.com\/hr\/wp-json\/wp\/v2\/product_cat?post=30877"},{"taxonomy":"product_tag","embeddable":true,"href":"https:\/\/www.miravila.com\/hr\/wp-json\/wp\/v2\/product_tag?post=30877"}],"curies":[{"name":"wp","href":"https:\/\/api.w.org\/{rel}","templated":true}]}}