{"id":30875,"date":"2024-10-12T09:16:08","date_gmt":"2024-10-12T07:55:38","guid":{"rendered":"https:\/\/www.miravila.com\/product\/bozicni-vijenac-micro-light-x-6000-d-90-cm-8-ef\/"},"modified":"2024-12-05T12:07:14","modified_gmt":"2024-12-05T11:07:14","slug":"bozicni-vijenac-micro-light-x-6000-d-90-cm-8-ef","status":"publish","type":"product","link":"https:\/\/www.miravila.com\/hr\/bozicni-vijenac-micro-light-x-6000-d-90-cm-8-ef\/","title":{"rendered":"Bo\u017ei\u0107ni vijenac Micro Light X 6000, D-90 Cm \/8 Ef"},"content":{"rendered":"","protected":false},"excerpt":{"rendered":"<p>Bo\u017ei\u0107ni vijenac s mikro LED lampicama. Toplo bijelo svjetlo. Promjer 90 cm. Broj svjetala: 6000. 8 razli\u010ditih bljeskaju\u0107ih efekata. Prikladno za vanjsku ili unutarnju upotrebu.     <\/p>\n","protected":false},"featured_media":30710,"comment_status":"closed","ping_status":"closed","template":"","meta":[],"product_brand":[],"product_cat":[2018,4067],"product_tag":[],"class_list":{"0":"post-30875","1":"product","2":"type-product","3":"status-publish","4":"has-post-thumbnail","6":"product_cat-bozic","7":"product_cat-bozicna-svjetla","9":"first","10":"outofstock","11":"taxable","12":"shipping-taxable","13":"purchasable","14":"product-type-simple"},"_links":{"self":[{"href":"https:\/\/www.miravila.com\/hr\/wp-json\/wp\/v2\/product\/30875","targetHints":{"allow":["GET"]}}],"collection":[{"href":"https:\/\/www.miravila.com\/hr\/wp-json\/wp\/v2\/product"}],"about":[{"href":"https:\/\/www.miravila.com\/hr\/wp-json\/wp\/v2\/types\/product"}],"replies":[{"embeddable":true,"href":"https:\/\/www.miravila.com\/hr\/wp-json\/wp\/v2\/comments?post=30875"}],"wp:featuredmedia":[{"embeddable":true,"href":"https:\/\/www.miravila.com\/hr\/wp-json\/wp\/v2\/media\/30710"}],"wp:attachment":[{"href":"https:\/\/www.miravila.com\/hr\/wp-json\/wp\/v2\/media?parent=30875"}],"wp:term":[{"taxonomy":"product_brand","embeddable":true,"href":"https:\/\/www.miravila.com\/hr\/wp-json\/wp\/v2\/product_brand?post=30875"},{"taxonomy":"product_cat","embeddable":true,"href":"https:\/\/www.miravila.com\/hr\/wp-json\/wp\/v2\/product_cat?post=30875"},{"taxonomy":"product_tag","embeddable":true,"href":"https:\/\/www.miravila.com\/hr\/wp-json\/wp\/v2\/product_tag?post=30875"}],"curies":[{"name":"wp","href":"https:\/\/api.w.org\/{rel}","templated":true}]}}