{"id":30862,"date":"2024-10-12T09:16:08","date_gmt":"2024-10-12T07:36:00","guid":{"rendered":"https:\/\/www.miravila.com\/product\/bozicne-lampice-microled-x-480-m-24-8-efekt\/"},"modified":"2025-02-18T02:18:07","modified_gmt":"2025-02-18T01:18:07","slug":"bozicne-lampice-microled-x-480-m-24-8-efekt","status":"publish","type":"product","link":"https:\/\/www.miravila.com\/hr\/bozicne-lampice-microled-x-480-m-24-8-efekt\/","title":{"rendered":"Novogodi\u0161nje lampice Microled X 480, M-24\/ 8 efekt"},"content":{"rendered":"","protected":false},"excerpt":{"rendered":"<p>Novogodi\u0161nje Micro led lampice sa osam bljeskaju\u0107ih efekata. U setu je 480 lampica na 24 metra kabla. Mo\u017eete ih postaviti da bljeskaju ili samo spaljuju. Toplo bijelo svjetlo. Prikladno za unutarnju ili vanjsku upotrebu.    <\/p>\n","protected":false},"featured_media":30795,"comment_status":"closed","ping_status":"closed","template":"","meta":[],"product_brand":[],"product_cat":[2018,4067],"product_tag":[],"class_list":{"0":"post-30862","1":"product","2":"type-product","3":"status-publish","4":"has-post-thumbnail","6":"product_cat-bozic","7":"product_cat-bozicna-svjetla","9":"first","10":"outofstock","11":"taxable","12":"shipping-taxable","13":"purchasable","14":"product-type-simple"},"_links":{"self":[{"href":"https:\/\/www.miravila.com\/hr\/wp-json\/wp\/v2\/product\/30862","targetHints":{"allow":["GET"]}}],"collection":[{"href":"https:\/\/www.miravila.com\/hr\/wp-json\/wp\/v2\/product"}],"about":[{"href":"https:\/\/www.miravila.com\/hr\/wp-json\/wp\/v2\/types\/product"}],"replies":[{"embeddable":true,"href":"https:\/\/www.miravila.com\/hr\/wp-json\/wp\/v2\/comments?post=30862"}],"wp:featuredmedia":[{"embeddable":true,"href":"https:\/\/www.miravila.com\/hr\/wp-json\/wp\/v2\/media\/30795"}],"wp:attachment":[{"href":"https:\/\/www.miravila.com\/hr\/wp-json\/wp\/v2\/media?parent=30862"}],"wp:term":[{"taxonomy":"product_brand","embeddable":true,"href":"https:\/\/www.miravila.com\/hr\/wp-json\/wp\/v2\/product_brand?post=30862"},{"taxonomy":"product_cat","embeddable":true,"href":"https:\/\/www.miravila.com\/hr\/wp-json\/wp\/v2\/product_cat?post=30862"},{"taxonomy":"product_tag","embeddable":true,"href":"https:\/\/www.miravila.com\/hr\/wp-json\/wp\/v2\/product_tag?post=30862"}],"curies":[{"name":"wp","href":"https:\/\/api.w.org\/{rel}","templated":true}]}}