{"id":30859,"date":"2024-10-12T09:16:46","date_gmt":"2024-10-12T07:33:57","guid":{"rendered":"https:\/\/www.miravila.com\/product\/bijelo-drvo-micro-led-x-1300-h-210-cm\/"},"modified":"2024-12-05T12:07:24","modified_gmt":"2024-12-05T11:07:24","slug":"bijelo-drvo-micro-led-x-1300-h-210-cm","status":"publish","type":"product","link":"https:\/\/www.miravila.com\/hr\/bijelo-drvo-micro-led-x-1300-h-210-cm\/","title":{"rendered":"Bijelo drvo Micro Led X 1300\/H-210 Cm"},"content":{"rendered":"","protected":false},"excerpt":{"rendered":"<p>Bo\u017ei\u0107no drvce izra\u0111eno od mikro LED lampica. Visina 210 cm. Broj svjetala: 1300. Toplo bijelo svjetlo. 8 razli\u010ditih efekata bljeskanja. Prikladno za unutarnju i vanjsku upotrebu.     <\/p>\n","protected":false},"featured_media":30831,"comment_status":"closed","ping_status":"closed","template":"","meta":[],"product_brand":[],"product_cat":[2018,4067],"product_tag":[],"class_list":{"0":"post-30859","1":"product","2":"type-product","3":"status-publish","4":"has-post-thumbnail","6":"product_cat-bozic","7":"product_cat-bozicna-svjetla","9":"first","10":"outofstock","11":"taxable","12":"shipping-taxable","13":"purchasable","14":"product-type-simple"},"_links":{"self":[{"href":"https:\/\/www.miravila.com\/hr\/wp-json\/wp\/v2\/product\/30859","targetHints":{"allow":["GET"]}}],"collection":[{"href":"https:\/\/www.miravila.com\/hr\/wp-json\/wp\/v2\/product"}],"about":[{"href":"https:\/\/www.miravila.com\/hr\/wp-json\/wp\/v2\/types\/product"}],"replies":[{"embeddable":true,"href":"https:\/\/www.miravila.com\/hr\/wp-json\/wp\/v2\/comments?post=30859"}],"wp:featuredmedia":[{"embeddable":true,"href":"https:\/\/www.miravila.com\/hr\/wp-json\/wp\/v2\/media\/30831"}],"wp:attachment":[{"href":"https:\/\/www.miravila.com\/hr\/wp-json\/wp\/v2\/media?parent=30859"}],"wp:term":[{"taxonomy":"product_brand","embeddable":true,"href":"https:\/\/www.miravila.com\/hr\/wp-json\/wp\/v2\/product_brand?post=30859"},{"taxonomy":"product_cat","embeddable":true,"href":"https:\/\/www.miravila.com\/hr\/wp-json\/wp\/v2\/product_cat?post=30859"},{"taxonomy":"product_tag","embeddable":true,"href":"https:\/\/www.miravila.com\/hr\/wp-json\/wp\/v2\/product_tag?post=30859"}],"curies":[{"name":"wp","href":"https:\/\/api.w.org\/{rel}","templated":true}]}}