{"id":26350,"date":"2023-10-23T19:13:07","date_gmt":"2023-10-23T17:13:07","guid":{"rendered":"https:\/\/www.miravila.com\/product\/kuglica-jupiter-d-10cm-crvena\/"},"modified":"2025-12-25T02:13:14","modified_gmt":"2025-12-25T01:13:14","slug":"kuglica-jupiter-d-10cm-crvena","status":"publish","type":"product","link":"https:\/\/www.miravila.com\/hr\/kuglica-jupiter-d-10cm-crvena\/","title":{"rendered":"Kuglica Jupiter d-10cm crvena"},"content":{"rendered":"<p>Novogodi\u0161nji ukras bogate crvene boje sa blistavim elementima.<\/p>\n<hr>\n<p> <H5> Materijal: <\/h5>\n<p> Staklo<br \/>\n<br \/> <H5> Dimenzija: <\/h5>\n<p> 10cm<\/p>\n","protected":false},"excerpt":{"rendered":"<p>Ova prekrasna crvena staklena kugla s promjerom od 10 cm savr\u0161en je ukras za bo\u017ei\u0107no drvce. Svojom sjajnom povr\u0161inom sigurno \u0107e privu\u0107i pa\u017enju svih gostiju. Dodajte dodir elegancije i atmosfere za odmor u svoj dom s ovom prekrasnom bo\u017ei\u0107nom kuglom.<\/p>\n","protected":false},"featured_media":24537,"comment_status":"closed","ping_status":"open","template":"","meta":[],"product_brand":[],"product_cat":[2018,3676],"product_tag":[],"class_list":{"0":"post-26350","1":"product","2":"type-product","3":"status-publish","4":"has-post-thumbnail","6":"product_cat-bozic","7":"product_cat-novogodisnji-ukrasi","8":"pa_barva-crvena","9":"pa_material-staklo","10":"pa_visina-10-2","12":"first","13":"instock","14":"taxable","15":"shipping-taxable","16":"purchasable","17":"product-type-simple"},"_links":{"self":[{"href":"https:\/\/www.miravila.com\/hr\/wp-json\/wp\/v2\/product\/26350","targetHints":{"allow":["GET"]}}],"collection":[{"href":"https:\/\/www.miravila.com\/hr\/wp-json\/wp\/v2\/product"}],"about":[{"href":"https:\/\/www.miravila.com\/hr\/wp-json\/wp\/v2\/types\/product"}],"replies":[{"embeddable":true,"href":"https:\/\/www.miravila.com\/hr\/wp-json\/wp\/v2\/comments?post=26350"}],"wp:featuredmedia":[{"embeddable":true,"href":"https:\/\/www.miravila.com\/hr\/wp-json\/wp\/v2\/media\/24537"}],"wp:attachment":[{"href":"https:\/\/www.miravila.com\/hr\/wp-json\/wp\/v2\/media?parent=26350"}],"wp:term":[{"taxonomy":"product_brand","embeddable":true,"href":"https:\/\/www.miravila.com\/hr\/wp-json\/wp\/v2\/product_brand?post=26350"},{"taxonomy":"product_cat","embeddable":true,"href":"https:\/\/www.miravila.com\/hr\/wp-json\/wp\/v2\/product_cat?post=26350"},{"taxonomy":"product_tag","embeddable":true,"href":"https:\/\/www.miravila.com\/hr\/wp-json\/wp\/v2\/product_tag?post=26350"}],"curies":[{"name":"wp","href":"https:\/\/api.w.org\/{rel}","templated":true}]}}