{"id":26348,"date":"2023-10-23T19:13:07","date_gmt":"2023-10-23T17:13:07","guid":{"rendered":"https:\/\/www.miravila.com\/product\/kugla-staklo-flor-lavanda-d-8-cm-lilac\/"},"modified":"2026-02-05T02:12:51","modified_gmt":"2026-02-05T01:12:51","slug":"kugla-staklo-flor-lavanda-d-8-cm-lilac","status":"publish","type":"product","link":"https:\/\/www.miravila.com\/hr\/kugla-staklo-flor-lavanda-d-8-cm-lilac\/","title":{"rendered":"Kugla staklo flor lavanda d-8 cm lilac"},"content":{"rendered":"<p>Novogodi\u0161nji ukras<\/p>\n<hr>\n<p> <H5> Materijal: <\/h5>\n<p> Staklo<br \/>\n<br \/> <H5> Dimenzija: <\/h5>\n<p> 8cm<\/p>\n","protected":false},"excerpt":{"rendered":"<p>Ova prekrasna bo\u017ei\u0107na kuglica izra\u0111ena je od stakla i ima prekrasan uzorak lavande. S promjerom od 8 cm, idealno je za ukra\u0161avanje va\u0161eg bo\u017ei\u0107nog drvca. Njezina nijansa lila zasigurno \u0107e dodati dodir elegancije i magije va\u0161em prazni\u010dnom dekoru.<\/p>\n","protected":false},"featured_media":25259,"comment_status":"closed","ping_status":"open","template":"","meta":[],"product_brand":[],"product_cat":[2018,3676],"product_tag":[],"class_list":{"0":"post-26348","1":"product","2":"type-product","3":"status-publish","4":"has-post-thumbnail","6":"product_cat-bozic","7":"product_cat-novogodisnji-ukrasi","8":"pa_material-staklo","9":"pa_visina-8-2","11":"first","12":"instock","13":"taxable","14":"shipping-taxable","15":"purchasable","16":"product-type-simple"},"_links":{"self":[{"href":"https:\/\/www.miravila.com\/hr\/wp-json\/wp\/v2\/product\/26348","targetHints":{"allow":["GET"]}}],"collection":[{"href":"https:\/\/www.miravila.com\/hr\/wp-json\/wp\/v2\/product"}],"about":[{"href":"https:\/\/www.miravila.com\/hr\/wp-json\/wp\/v2\/types\/product"}],"replies":[{"embeddable":true,"href":"https:\/\/www.miravila.com\/hr\/wp-json\/wp\/v2\/comments?post=26348"}],"wp:featuredmedia":[{"embeddable":true,"href":"https:\/\/www.miravila.com\/hr\/wp-json\/wp\/v2\/media\/25259"}],"wp:attachment":[{"href":"https:\/\/www.miravila.com\/hr\/wp-json\/wp\/v2\/media?parent=26348"}],"wp:term":[{"taxonomy":"product_brand","embeddable":true,"href":"https:\/\/www.miravila.com\/hr\/wp-json\/wp\/v2\/product_brand?post=26348"},{"taxonomy":"product_cat","embeddable":true,"href":"https:\/\/www.miravila.com\/hr\/wp-json\/wp\/v2\/product_cat?post=26348"},{"taxonomy":"product_tag","embeddable":true,"href":"https:\/\/www.miravila.com\/hr\/wp-json\/wp\/v2\/product_tag?post=26348"}],"curies":[{"name":"wp","href":"https:\/\/api.w.org\/{rel}","templated":true}]}}