{"id":26343,"date":"2023-10-23T19:13:07","date_gmt":"2023-10-23T17:13:07","guid":{"rendered":"https:\/\/www.miravila.com\/product\/kuglica-glitter-gold-d-10-cm\/"},"modified":"2024-12-05T12:12:02","modified_gmt":"2024-12-05T11:12:02","slug":"kuglica-glitter-gold-d-10-cm","status":"publish","type":"product","link":"https:\/\/www.miravila.com\/hr\/kuglica-glitter-gold-d-10-cm\/","title":{"rendered":"Kuglica Glitter Gold D-10 cm"},"content":{"rendered":"<p>Novogodi\u0161nji ukras u zlatu s blistavim prskanjem.<\/p>\n<hr>\n<p> <H5> Materijal: <\/h5>\n<p> Staklo<br \/>\n<br \/> <H5> Dimenzija: <\/h5>\n<p> 10cm<\/p>\n","protected":false},"excerpt":{"rendered":"<p>Ova prekrasna bo\u017ei\u0107na kuglica izra\u0111ena je od stakla i ima zlatni sjaj. Promjer lopte je 10 cm. Savr\u0161en dodatak za ukra\u0161avanje va\u0161eg bo\u017ei\u0107nog drvca.<\/p>\n","protected":false},"featured_media":24725,"comment_status":"closed","ping_status":"open","template":"","meta":[],"product_brand":[],"product_cat":[2018,3676],"product_tag":[],"class_list":{"0":"post-26343","1":"product","2":"type-product","3":"status-publish","4":"has-post-thumbnail","6":"product_cat-bozic","7":"product_cat-novogodisnji-ukrasi","8":"pa_barva-zlatna","9":"pa_material-staklo","10":"pa_visina-10-2","12":"first","13":"outofstock","14":"taxable","15":"shipping-taxable","16":"purchasable","17":"product-type-simple"},"_links":{"self":[{"href":"https:\/\/www.miravila.com\/hr\/wp-json\/wp\/v2\/product\/26343","targetHints":{"allow":["GET"]}}],"collection":[{"href":"https:\/\/www.miravila.com\/hr\/wp-json\/wp\/v2\/product"}],"about":[{"href":"https:\/\/www.miravila.com\/hr\/wp-json\/wp\/v2\/types\/product"}],"replies":[{"embeddable":true,"href":"https:\/\/www.miravila.com\/hr\/wp-json\/wp\/v2\/comments?post=26343"}],"wp:featuredmedia":[{"embeddable":true,"href":"https:\/\/www.miravila.com\/hr\/wp-json\/wp\/v2\/media\/24725"}],"wp:attachment":[{"href":"https:\/\/www.miravila.com\/hr\/wp-json\/wp\/v2\/media?parent=26343"}],"wp:term":[{"taxonomy":"product_brand","embeddable":true,"href":"https:\/\/www.miravila.com\/hr\/wp-json\/wp\/v2\/product_brand?post=26343"},{"taxonomy":"product_cat","embeddable":true,"href":"https:\/\/www.miravila.com\/hr\/wp-json\/wp\/v2\/product_cat?post=26343"},{"taxonomy":"product_tag","embeddable":true,"href":"https:\/\/www.miravila.com\/hr\/wp-json\/wp\/v2\/product_tag?post=26343"}],"curies":[{"name":"wp","href":"https:\/\/api.w.org\/{rel}","templated":true}]}}