{"id":26339,"date":"2023-10-23T19:13:07","date_gmt":"2023-10-23T17:13:07","guid":{"rendered":"https:\/\/www.miravila.com\/product\/privjesak-snjezni-pahuljica-zlato-d-7-cm-prozirno\/"},"modified":"2026-02-03T02:12:47","modified_gmt":"2026-02-03T01:12:47","slug":"privjesak-snjezni-pahuljica-zlato-d-7-cm-prozirno","status":"publish","type":"product","link":"https:\/\/www.miravila.com\/hr\/privjesak-snjezni-pahuljica-zlato-d-7-cm-prozirno\/","title":{"rendered":"Privjesak Snje\u017eni pahuljica zlato D-7 cm prozirno"},"content":{"rendered":"<hr>\n<p> <H5> MATERIJAL: <\/h5>\n<p> <H5> Dimenzija: <\/h5>\n<p> 7cm<\/p>\n","protected":false},"excerpt":{"rendered":"<p>Izuzetno lijep privjesak snje\u017ene pahulje u zlatu, promjera 7 cm. Napravljen od prozirnog materijala, sigurno \u0107e pobolj\u0161ati va\u0161e bo\u017ei\u0107no drvce.<\/p>\n","protected":false},"featured_media":25793,"comment_status":"closed","ping_status":"open","template":"","meta":[],"product_brand":[],"product_cat":[2018,3676],"product_tag":[],"class_list":{"0":"post-26339","1":"product","2":"type-product","3":"status-publish","4":"has-post-thumbnail","6":"product_cat-bozic","7":"product_cat-novogodisnji-ukrasi","8":"pa_visina-7-2","10":"first","11":"outofstock","12":"taxable","13":"shipping-taxable","14":"purchasable","15":"product-type-simple"},"_links":{"self":[{"href":"https:\/\/www.miravila.com\/hr\/wp-json\/wp\/v2\/product\/26339","targetHints":{"allow":["GET"]}}],"collection":[{"href":"https:\/\/www.miravila.com\/hr\/wp-json\/wp\/v2\/product"}],"about":[{"href":"https:\/\/www.miravila.com\/hr\/wp-json\/wp\/v2\/types\/product"}],"replies":[{"embeddable":true,"href":"https:\/\/www.miravila.com\/hr\/wp-json\/wp\/v2\/comments?post=26339"}],"wp:featuredmedia":[{"embeddable":true,"href":"https:\/\/www.miravila.com\/hr\/wp-json\/wp\/v2\/media\/25793"}],"wp:attachment":[{"href":"https:\/\/www.miravila.com\/hr\/wp-json\/wp\/v2\/media?parent=26339"}],"wp:term":[{"taxonomy":"product_brand","embeddable":true,"href":"https:\/\/www.miravila.com\/hr\/wp-json\/wp\/v2\/product_brand?post=26339"},{"taxonomy":"product_cat","embeddable":true,"href":"https:\/\/www.miravila.com\/hr\/wp-json\/wp\/v2\/product_cat?post=26339"},{"taxonomy":"product_tag","embeddable":true,"href":"https:\/\/www.miravila.com\/hr\/wp-json\/wp\/v2\/product_tag?post=26339"}],"curies":[{"name":"wp","href":"https:\/\/api.w.org\/{rel}","templated":true}]}}