{"id":26334,"date":"2023-10-23T19:13:00","date_gmt":"2023-10-23T17:13:00","guid":{"rendered":"https:\/\/www.miravila.com\/product\/pticje-perje-bijeli-prstohvat-set-3\/"},"modified":"2026-01-15T02:13:45","modified_gmt":"2026-01-15T01:13:45","slug":"pticje-perje-bijeli-prstohvat-set-3","status":"publish","type":"product","link":"https:\/\/www.miravila.com\/hr\/pticje-perje-bijeli-prstohvat-set-3\/","title":{"rendered":"Pti\u010dje perje bijeli\/prstohvat set 3"},"content":{"rendered":"<p>Novogodi\u0161nji ukras<\/p>\n<hr>\n<p> <H5> Materijal: <\/h5>\n<p> perje, staklo<br \/>\n<br \/> <H5> Dimenzija: <\/h5>\n<p> cm<\/p>\n","protected":false},"excerpt":{"rendered":"<p>Ptica od bijelog\/odabira 3 prekrasan je bo\u017ei\u0107ni proizvod koji uklju\u010duje tri ptice u obliku ptica s bijelim perjem. Ovaj je set savr\u0161en dodatak ukra\u0161avanju bo\u017ei\u0107nog drvca ili pri\u010dvr\u0161\u0107ivanju bo\u017ei\u0107nih pozdrava poklonima. Izra\u0111ene od visokokvalitetnih materijala, ove prstiju zasigurno \u0107e privu\u0107i pa\u017enju i dodati sve\u010dani \u0161arm va\u0161em domu.<\/p>\n","protected":false},"featured_media":25359,"comment_status":"closed","ping_status":"open","template":"","meta":[],"product_brand":[],"product_cat":[2018,3676],"product_tag":[],"class_list":{"0":"post-26334","1":"product","2":"type-product","3":"status-publish","4":"has-post-thumbnail","6":"product_cat-bozic","7":"product_cat-novogodisnji-ukrasi","8":"pa_material-perje-2","9":"pa_material-staklo","11":"first","12":"instock","13":"taxable","14":"shipping-taxable","15":"purchasable","16":"product-type-simple"},"_links":{"self":[{"href":"https:\/\/www.miravila.com\/hr\/wp-json\/wp\/v2\/product\/26334","targetHints":{"allow":["GET"]}}],"collection":[{"href":"https:\/\/www.miravila.com\/hr\/wp-json\/wp\/v2\/product"}],"about":[{"href":"https:\/\/www.miravila.com\/hr\/wp-json\/wp\/v2\/types\/product"}],"replies":[{"embeddable":true,"href":"https:\/\/www.miravila.com\/hr\/wp-json\/wp\/v2\/comments?post=26334"}],"wp:featuredmedia":[{"embeddable":true,"href":"https:\/\/www.miravila.com\/hr\/wp-json\/wp\/v2\/media\/25359"}],"wp:attachment":[{"href":"https:\/\/www.miravila.com\/hr\/wp-json\/wp\/v2\/media?parent=26334"}],"wp:term":[{"taxonomy":"product_brand","embeddable":true,"href":"https:\/\/www.miravila.com\/hr\/wp-json\/wp\/v2\/product_brand?post=26334"},{"taxonomy":"product_cat","embeddable":true,"href":"https:\/\/www.miravila.com\/hr\/wp-json\/wp\/v2\/product_cat?post=26334"},{"taxonomy":"product_tag","embeddable":true,"href":"https:\/\/www.miravila.com\/hr\/wp-json\/wp\/v2\/product_tag?post=26334"}],"curies":[{"name":"wp","href":"https:\/\/api.w.org\/{rel}","templated":true}]}}