{"id":26333,"date":"2023-10-23T19:13:00","date_gmt":"2023-10-23T17:13:00","guid":{"rendered":"https:\/\/www.miravila.com\/product\/pticje-perje-narancasto-prstos-set-3\/"},"modified":"2026-02-05T02:12:49","modified_gmt":"2026-02-05T01:12:49","slug":"pticje-perje-narancasto-prstos-set-3","status":"publish","type":"product","link":"https:\/\/www.miravila.com\/hr\/pticje-perje-narancasto-prstos-set-3\/","title":{"rendered":"Pti\u010dje perje naran\u010dasto prstos set 3"},"content":{"rendered":"<p>Novogodi\u0161nji ukras od tri ptice u zlatno-naran\u010dastom s pri\u010dvr\u0161\u0107ivanjem na prstohvat.<\/p>\n<hr>\n<p> <H5> Materijal: <\/h5>\n<p> Staklo<br \/>\n<br \/> <H5> Dimenzija: <\/h5>\n<p> 10cm<\/p>\n","protected":false},"excerpt":{"rendered":"<p>Ovaj prekrasan set uklju\u010duje 3 naran\u010daste ptice u obliku ptica. Kompletni ukras bo\u017ei\u0107nog drvca ili poklon za ljubitelje sve\u010dane atmosfere.<\/p>\n","protected":false},"featured_media":24713,"comment_status":"closed","ping_status":"open","template":"","meta":[],"product_brand":[],"product_cat":[2018,3676],"product_tag":[],"class_list":{"0":"post-26333","1":"product","2":"type-product","3":"status-publish","4":"has-post-thumbnail","6":"product_cat-bozic","7":"product_cat-novogodisnji-ukrasi","8":"pa_barva-naranca","9":"pa_barva-zlatna","10":"pa_material-staklo","11":"pa_visina-10-2","13":"first","14":"instock","15":"taxable","16":"shipping-taxable","17":"purchasable","18":"product-type-simple"},"_links":{"self":[{"href":"https:\/\/www.miravila.com\/hr\/wp-json\/wp\/v2\/product\/26333","targetHints":{"allow":["GET"]}}],"collection":[{"href":"https:\/\/www.miravila.com\/hr\/wp-json\/wp\/v2\/product"}],"about":[{"href":"https:\/\/www.miravila.com\/hr\/wp-json\/wp\/v2\/types\/product"}],"replies":[{"embeddable":true,"href":"https:\/\/www.miravila.com\/hr\/wp-json\/wp\/v2\/comments?post=26333"}],"wp:featuredmedia":[{"embeddable":true,"href":"https:\/\/www.miravila.com\/hr\/wp-json\/wp\/v2\/media\/24713"}],"wp:attachment":[{"href":"https:\/\/www.miravila.com\/hr\/wp-json\/wp\/v2\/media?parent=26333"}],"wp:term":[{"taxonomy":"product_brand","embeddable":true,"href":"https:\/\/www.miravila.com\/hr\/wp-json\/wp\/v2\/product_brand?post=26333"},{"taxonomy":"product_cat","embeddable":true,"href":"https:\/\/www.miravila.com\/hr\/wp-json\/wp\/v2\/product_cat?post=26333"},{"taxonomy":"product_tag","embeddable":true,"href":"https:\/\/www.miravila.com\/hr\/wp-json\/wp\/v2\/product_tag?post=26333"}],"curies":[{"name":"wp","href":"https:\/\/api.w.org\/{rel}","templated":true}]}}