{"id":26325,"date":"2023-10-23T19:13:00","date_gmt":"2023-10-23T17:13:00","guid":{"rendered":"https:\/\/www.miravila.com\/product\/lopta-trottola-velvet-burgundy10-cm\/"},"modified":"2024-12-05T12:11:44","modified_gmt":"2024-12-05T11:11:44","slug":"lopta-trottola-velvet-burgundy10-cm","status":"publish","type":"product","link":"https:\/\/www.miravila.com\/hr\/lopta-trottola-velvet-burgundy10-cm\/","title":{"rendered":"Lopta Trottola Velvet Burgundy10 cm"},"content":{"rendered":"<p>Novogodi\u0161nji ukras u crvenoj boji s bar\u0161unastim orijentalnim izgledom.<\/p>\n<hr>\n<p> <H5> Materijal: <\/h5>\n<p> Staklo<br \/>\n<br \/> <H5> Dimenzija: <\/h5>\n<p> 10cm<\/p>\n","protected":false},"excerpt":{"rendered":"<p>Trottola Velvet Borde Ball prekrasan je bo\u017ei\u0107ni ukras koji \u0107e dodati odmor va\u0161em domu. Svojom bogatom bordo bojom i mekim bar\u0161unastim materijalom zasigurno \u0107e privu\u0107i pogled. S promjerom od 10 cm, savr\u0161en je za ukra\u0161avanje bo\u017ei\u0107nog drvca ili se mo\u017ee postaviti na stol kao moderan ukrasni dodatak. Sve\u010dana atmosfera bit \u0107e jo\u0161 \u010darobnija s ovom prekrasnom kuglom Trottola Velvet Burgundy.<\/p>\n","protected":false},"featured_media":24459,"comment_status":"closed","ping_status":"open","template":"","meta":[],"product_brand":[],"product_cat":[2018,3676],"product_tag":[],"class_list":{"0":"post-26325","1":"product","2":"type-product","3":"status-publish","4":"has-post-thumbnail","6":"product_cat-bozic","7":"product_cat-novogodisnji-ukrasi","8":"pa_barva-burgundijska","9":"pa_material-staklo","10":"pa_visina-10-2","12":"first","13":"outofstock","14":"taxable","15":"shipping-taxable","16":"purchasable","17":"product-type-simple"},"_links":{"self":[{"href":"https:\/\/www.miravila.com\/hr\/wp-json\/wp\/v2\/product\/26325","targetHints":{"allow":["GET"]}}],"collection":[{"href":"https:\/\/www.miravila.com\/hr\/wp-json\/wp\/v2\/product"}],"about":[{"href":"https:\/\/www.miravila.com\/hr\/wp-json\/wp\/v2\/types\/product"}],"replies":[{"embeddable":true,"href":"https:\/\/www.miravila.com\/hr\/wp-json\/wp\/v2\/comments?post=26325"}],"wp:featuredmedia":[{"embeddable":true,"href":"https:\/\/www.miravila.com\/hr\/wp-json\/wp\/v2\/media\/24459"}],"wp:attachment":[{"href":"https:\/\/www.miravila.com\/hr\/wp-json\/wp\/v2\/media?parent=26325"}],"wp:term":[{"taxonomy":"product_brand","embeddable":true,"href":"https:\/\/www.miravila.com\/hr\/wp-json\/wp\/v2\/product_brand?post=26325"},{"taxonomy":"product_cat","embeddable":true,"href":"https:\/\/www.miravila.com\/hr\/wp-json\/wp\/v2\/product_cat?post=26325"},{"taxonomy":"product_tag","embeddable":true,"href":"https:\/\/www.miravila.com\/hr\/wp-json\/wp\/v2\/product_tag?post=26325"}],"curies":[{"name":"wp","href":"https:\/\/api.w.org\/{rel}","templated":true}]}}