{"id":26324,"date":"2023-10-23T19:13:00","date_gmt":"2023-10-23T17:13:00","guid":{"rendered":"https:\/\/www.miravila.com\/product\/kuglica-burgundija-velvet-d-10-cm-rebrasta\/"},"modified":"2026-01-15T02:13:43","modified_gmt":"2026-01-15T01:13:43","slug":"kuglica-burgundija-velvet-d-10-cm-rebrasta","status":"publish","type":"product","link":"https:\/\/www.miravila.com\/hr\/kuglica-burgundija-velvet-d-10-cm-rebrasta\/","title":{"rendered":"Kuglica Burgundija Velvet D-10 cm rebrasta"},"content":{"rendered":"<p>Novogodi\u0161nji ukras u crvenoj s bar\u0161unastim uzorkom.<\/p>\n<hr>\n<p> <H5> Materijal: <\/h5>\n<p> Staklo<br \/>\n<br \/> <H5> Dimenzija: <\/h5>\n<p> 10cm<\/p>\n","protected":false},"excerpt":{"rendered":"<p>Ova bo\u017ei\u0107na kuglica izra\u0111ena je od stakla s prekrasnim burventnim bar\u0161unastim zavr\u0161etkom. S promjerom od 10 cm i rebrastim uzorkom, ova \u0107e lopta zasigurno privu\u0107i pa\u017enju na va\u0161em bo\u017ei\u0107nom drvcu. Savr\u0161en izbor za stvaranje atmosfere za odmor u va\u0161em domu.<\/p>\n","protected":false},"featured_media":24465,"comment_status":"closed","ping_status":"open","template":"","meta":[],"product_brand":[],"product_cat":[2018,3676],"product_tag":[],"class_list":{"0":"post-26324","1":"product","2":"type-product","3":"status-publish","4":"has-post-thumbnail","6":"product_cat-bozic","7":"product_cat-novogodisnji-ukrasi","8":"pa_barva-burgundijska","9":"pa_material-staklo","10":"pa_visina-10-2","12":"first","13":"instock","14":"taxable","15":"shipping-taxable","16":"purchasable","17":"product-type-simple"},"_links":{"self":[{"href":"https:\/\/www.miravila.com\/hr\/wp-json\/wp\/v2\/product\/26324","targetHints":{"allow":["GET"]}}],"collection":[{"href":"https:\/\/www.miravila.com\/hr\/wp-json\/wp\/v2\/product"}],"about":[{"href":"https:\/\/www.miravila.com\/hr\/wp-json\/wp\/v2\/types\/product"}],"replies":[{"embeddable":true,"href":"https:\/\/www.miravila.com\/hr\/wp-json\/wp\/v2\/comments?post=26324"}],"wp:featuredmedia":[{"embeddable":true,"href":"https:\/\/www.miravila.com\/hr\/wp-json\/wp\/v2\/media\/24465"}],"wp:attachment":[{"href":"https:\/\/www.miravila.com\/hr\/wp-json\/wp\/v2\/media?parent=26324"}],"wp:term":[{"taxonomy":"product_brand","embeddable":true,"href":"https:\/\/www.miravila.com\/hr\/wp-json\/wp\/v2\/product_brand?post=26324"},{"taxonomy":"product_cat","embeddable":true,"href":"https:\/\/www.miravila.com\/hr\/wp-json\/wp\/v2\/product_cat?post=26324"},{"taxonomy":"product_tag","embeddable":true,"href":"https:\/\/www.miravila.com\/hr\/wp-json\/wp\/v2\/product_tag?post=26324"}],"curies":[{"name":"wp","href":"https:\/\/api.w.org\/{rel}","templated":true}]}}