{"id":26322,"date":"2023-10-23T19:13:00","date_gmt":"2023-10-23T17:13:00","guid":{"rendered":"https:\/\/www.miravila.com\/product\/kuglica-zelena-d-10-cm\/"},"modified":"2026-02-24T02:12:44","modified_gmt":"2026-02-24T01:12:44","slug":"kuglica-zelena-d-10-cm","status":"publish","type":"product","link":"https:\/\/www.miravila.com\/hr\/kuglica-zelena-d-10-cm\/","title":{"rendered":"Kuglica zelena d-10 cm"},"content":{"rendered":"<p>Novogodi\u0161nji ukras u Rich Greenu.<\/p>\n<hr>\n<p> <H5> Materijal: <\/h5>\n<p> Staklo<br \/>\n<br \/> <H5> Dimenzija: <\/h5>\n<p> 10cm<\/p>\n","protected":false},"excerpt":{"rendered":"<p>Ova bo\u017ei\u0107na kugla izra\u0111ena je od stakla u zelenom i ima promjer od 10 cm. Kompletni ukras za svoje bo\u017ei\u0107no drvce!<\/p>\n","protected":false},"featured_media":24647,"comment_status":"closed","ping_status":"open","template":"","meta":[],"product_brand":[],"product_cat":[2018,3676],"product_tag":[],"class_list":{"0":"post-26322","1":"product","2":"type-product","3":"status-publish","4":"has-post-thumbnail","6":"product_cat-bozic","7":"product_cat-novogodisnji-ukrasi","8":"pa_barva-zelena-2","9":"pa_material-staklo","10":"pa_visina-10-2","12":"first","13":"instock","14":"taxable","15":"shipping-taxable","16":"purchasable","17":"product-type-simple"},"_links":{"self":[{"href":"https:\/\/www.miravila.com\/hr\/wp-json\/wp\/v2\/product\/26322","targetHints":{"allow":["GET"]}}],"collection":[{"href":"https:\/\/www.miravila.com\/hr\/wp-json\/wp\/v2\/product"}],"about":[{"href":"https:\/\/www.miravila.com\/hr\/wp-json\/wp\/v2\/types\/product"}],"replies":[{"embeddable":true,"href":"https:\/\/www.miravila.com\/hr\/wp-json\/wp\/v2\/comments?post=26322"}],"wp:featuredmedia":[{"embeddable":true,"href":"https:\/\/www.miravila.com\/hr\/wp-json\/wp\/v2\/media\/24647"}],"wp:attachment":[{"href":"https:\/\/www.miravila.com\/hr\/wp-json\/wp\/v2\/media?parent=26322"}],"wp:term":[{"taxonomy":"product_brand","embeddable":true,"href":"https:\/\/www.miravila.com\/hr\/wp-json\/wp\/v2\/product_brand?post=26322"},{"taxonomy":"product_cat","embeddable":true,"href":"https:\/\/www.miravila.com\/hr\/wp-json\/wp\/v2\/product_cat?post=26322"},{"taxonomy":"product_tag","embeddable":true,"href":"https:\/\/www.miravila.com\/hr\/wp-json\/wp\/v2\/product_tag?post=26322"}],"curies":[{"name":"wp","href":"https:\/\/api.w.org\/{rel}","templated":true}]}}