{"id":26313,"date":"2023-10-23T19:12:52","date_gmt":"2023-10-23T17:12:52","guid":{"rendered":"https:\/\/www.miravila.com\/product\/kuglica-snjezne-pahulje-d-8-cm-bez\/"},"modified":"2025-12-10T02:12:28","modified_gmt":"2025-12-10T01:12:28","slug":"kuglica-snjezne-pahulje-d-8-cm-bez","status":"publish","type":"product","link":"https:\/\/www.miravila.com\/hr\/kuglica-snjezne-pahulje-d-8-cm-bez\/","title":{"rendered":"Kuglica snje\u017ene pahulje d-8 cm be\u017e"},"content":{"rendered":"<p>Novogodi\u0161nji ukras u zlatu s ru\u010dno osnovanom snje\u017enom pahuljicom sa sjajem.<\/p>\n<hr>\n<p> <H5> Materijal: <\/h5>\n<p> Staklo<br \/>\n<br \/> <H5> Dimenzija: <\/h5>\n<p> 8cm<\/p>\n","protected":false},"excerpt":{"rendered":"<p>Ova prekrasna staklena pahuljica od 8 cm savr\u0161en je ukras za bo\u017ei\u0107no drvce. Njegova nje\u017ena be\u017e dodati \u0107e dodir elegancije i sve\u010danu atmosferu va\u0161em domu.<\/p>\n","protected":false},"featured_media":25098,"comment_status":"closed","ping_status":"open","template":"","meta":[],"product_brand":[],"product_cat":[2018,3676],"product_tag":[],"class_list":{"0":"post-26313","1":"product","2":"type-product","3":"status-publish","4":"has-post-thumbnail","6":"product_cat-bozic","7":"product_cat-novogodisnji-ukrasi","8":"pa_barva-bez","9":"pa_material-staklo","10":"pa_visina-8-2","12":"first","13":"instock","14":"taxable","15":"shipping-taxable","16":"purchasable","17":"product-type-simple"},"_links":{"self":[{"href":"https:\/\/www.miravila.com\/hr\/wp-json\/wp\/v2\/product\/26313","targetHints":{"allow":["GET"]}}],"collection":[{"href":"https:\/\/www.miravila.com\/hr\/wp-json\/wp\/v2\/product"}],"about":[{"href":"https:\/\/www.miravila.com\/hr\/wp-json\/wp\/v2\/types\/product"}],"replies":[{"embeddable":true,"href":"https:\/\/www.miravila.com\/hr\/wp-json\/wp\/v2\/comments?post=26313"}],"wp:featuredmedia":[{"embeddable":true,"href":"https:\/\/www.miravila.com\/hr\/wp-json\/wp\/v2\/media\/25098"}],"wp:attachment":[{"href":"https:\/\/www.miravila.com\/hr\/wp-json\/wp\/v2\/media?parent=26313"}],"wp:term":[{"taxonomy":"product_brand","embeddable":true,"href":"https:\/\/www.miravila.com\/hr\/wp-json\/wp\/v2\/product_brand?post=26313"},{"taxonomy":"product_cat","embeddable":true,"href":"https:\/\/www.miravila.com\/hr\/wp-json\/wp\/v2\/product_cat?post=26313"},{"taxonomy":"product_tag","embeddable":true,"href":"https:\/\/www.miravila.com\/hr\/wp-json\/wp\/v2\/product_tag?post=26313"}],"curies":[{"name":"wp","href":"https:\/\/api.w.org\/{rel}","templated":true}]}}