{"id":26307,"date":"2023-10-23T19:12:52","date_gmt":"2023-10-23T17:12:52","guid":{"rendered":"https:\/\/www.miravila.com\/product\/sjaj-plava-d-21-cm-lopta\/"},"modified":"2026-02-03T02:12:43","modified_gmt":"2026-02-03T01:12:43","slug":"sjaj-plava-d-21-cm-lopta","status":"publish","type":"product","link":"https:\/\/www.miravila.com\/hr\/sjaj-plava-d-21-cm-lopta\/","title":{"rendered":"Sjaj plava D-21 cm lopta"},"content":{"rendered":"<p>Novogodi\u0161nji ukras<\/p>\n<hr>\n<p> <H5> MATERIJAL: <\/h5>\n<p> <H5> Dimenzija: <\/h5>\n<p> 21cm<\/p>\n","protected":false},"excerpt":{"rendered":"<p>Sjajna plava kugla je prekrasan bo\u017ei\u0107ni ukras koji \u0107e va\u0161em prazni\u010dnom dekoru dodati sjaj i sjaj. S promjerom od 21 cm, savr\u0161en je za objesiti na bo\u017ei\u0107no drvce ili se mo\u017ee postaviti na stol kao sredi\u0161nji ukras. Svojom plavom bojom sigurno \u0107e privu\u0107i poglede i stvoriti sve\u010danu atmosferu u va\u0161em domu.<\/p>\n","protected":false},"featured_media":25659,"comment_status":"closed","ping_status":"open","template":"","meta":[],"product_brand":[],"product_cat":[2018,3676],"product_tag":[],"class_list":{"0":"post-26307","1":"product","2":"type-product","3":"status-publish","4":"has-post-thumbnail","6":"product_cat-bozic","7":"product_cat-novogodisnji-ukrasi","8":"pa_visina-21-2","10":"first","11":"instock","12":"taxable","13":"shipping-taxable","14":"purchasable","15":"product-type-simple"},"_links":{"self":[{"href":"https:\/\/www.miravila.com\/hr\/wp-json\/wp\/v2\/product\/26307","targetHints":{"allow":["GET"]}}],"collection":[{"href":"https:\/\/www.miravila.com\/hr\/wp-json\/wp\/v2\/product"}],"about":[{"href":"https:\/\/www.miravila.com\/hr\/wp-json\/wp\/v2\/types\/product"}],"replies":[{"embeddable":true,"href":"https:\/\/www.miravila.com\/hr\/wp-json\/wp\/v2\/comments?post=26307"}],"wp:featuredmedia":[{"embeddable":true,"href":"https:\/\/www.miravila.com\/hr\/wp-json\/wp\/v2\/media\/25659"}],"wp:attachment":[{"href":"https:\/\/www.miravila.com\/hr\/wp-json\/wp\/v2\/media?parent=26307"}],"wp:term":[{"taxonomy":"product_brand","embeddable":true,"href":"https:\/\/www.miravila.com\/hr\/wp-json\/wp\/v2\/product_brand?post=26307"},{"taxonomy":"product_cat","embeddable":true,"href":"https:\/\/www.miravila.com\/hr\/wp-json\/wp\/v2\/product_cat?post=26307"},{"taxonomy":"product_tag","embeddable":true,"href":"https:\/\/www.miravila.com\/hr\/wp-json\/wp\/v2\/product_tag?post=26307"}],"curies":[{"name":"wp","href":"https:\/\/api.w.org\/{rel}","templated":true}]}}