{"id":26302,"date":"2023-10-23T19:12:52","date_gmt":"2023-10-23T17:12:52","guid":{"rendered":"https:\/\/www.miravila.com\/product\/kuglica-d-7-cm-zlato-x1\/"},"modified":"2026-02-03T02:12:36","modified_gmt":"2026-02-03T01:12:36","slug":"kuglica-d-7-cm-zlato-x1","status":"publish","type":"product","link":"https:\/\/www.miravila.com\/hr\/kuglica-d-7-cm-zlato-x1\/","title":{"rendered":"Kuglica d-7 cm zlato x1"},"content":{"rendered":"<p>Novogodi\u0161nji ukras blistavim prskanjem.<\/p>\n<hr>\n<p> <H5> Materijal: <\/h5>\n<p> PVC<br \/>\n<br \/> <H5> Dimenzija: <\/h5>\n<p> 7cm<\/p>\n","protected":false},"excerpt":{"rendered":"<p>Ova prekrasna zlatna kugla od 7 cm savr\u0161en je dodatak za va\u0161e bo\u017ei\u0107no drvce. Svojim sjajem i sjajem sigurno \u0107e privu\u0107i pa\u017enju svih posjetitelja. Pomo\u0107u ove lopte stvorit \u0107ete atmosferu za odmor i dodati dodir elegancije svom domu.<\/p>\n","protected":false},"featured_media":25347,"comment_status":"closed","ping_status":"open","template":"","meta":[],"product_brand":[],"product_cat":[2018,3676],"product_tag":[],"class_list":{"0":"post-26302","1":"product","2":"type-product","3":"status-publish","4":"has-post-thumbnail","6":"product_cat-bozic","7":"product_cat-novogodisnji-ukrasi","8":"pa_barva-zlatna","9":"pa_material-pvc-2","10":"pa_visina-7-2","12":"first","13":"instock","14":"taxable","15":"shipping-taxable","16":"purchasable","17":"product-type-simple"},"_links":{"self":[{"href":"https:\/\/www.miravila.com\/hr\/wp-json\/wp\/v2\/product\/26302","targetHints":{"allow":["GET"]}}],"collection":[{"href":"https:\/\/www.miravila.com\/hr\/wp-json\/wp\/v2\/product"}],"about":[{"href":"https:\/\/www.miravila.com\/hr\/wp-json\/wp\/v2\/types\/product"}],"replies":[{"embeddable":true,"href":"https:\/\/www.miravila.com\/hr\/wp-json\/wp\/v2\/comments?post=26302"}],"wp:featuredmedia":[{"embeddable":true,"href":"https:\/\/www.miravila.com\/hr\/wp-json\/wp\/v2\/media\/25347"}],"wp:attachment":[{"href":"https:\/\/www.miravila.com\/hr\/wp-json\/wp\/v2\/media?parent=26302"}],"wp:term":[{"taxonomy":"product_brand","embeddable":true,"href":"https:\/\/www.miravila.com\/hr\/wp-json\/wp\/v2\/product_brand?post=26302"},{"taxonomy":"product_cat","embeddable":true,"href":"https:\/\/www.miravila.com\/hr\/wp-json\/wp\/v2\/product_cat?post=26302"},{"taxonomy":"product_tag","embeddable":true,"href":"https:\/\/www.miravila.com\/hr\/wp-json\/wp\/v2\/product_tag?post=26302"}],"curies":[{"name":"wp","href":"https:\/\/api.w.org\/{rel}","templated":true}]}}