{"id":26301,"date":"2023-10-23T19:12:52","date_gmt":"2023-10-23T17:12:52","guid":{"rendered":"https:\/\/www.miravila.com\/product\/kugla-staklo-righa-zlato-d-8-cm-zeleno\/"},"modified":"2024-12-05T12:11:06","modified_gmt":"2024-12-05T11:11:06","slug":"kugla-staklo-righa-zlato-d-8-cm-zeleno","status":"publish","type":"product","link":"https:\/\/www.miravila.com\/hr\/kugla-staklo-righa-zlato-d-8-cm-zeleno\/","title":{"rendered":"Kugla staklo righa zlato d-8 cm zeleno"},"content":{"rendered":"<p>Novogodi\u0161nji ukras u zelenom sa srebrnim detaljima.<\/p>\n<hr>\n<p> <H5> Materijal: <\/h5>\n<p> Staklo<br \/>\n<br \/> <H5> Dimenzija: <\/h5>\n<p> 8cm<\/p>\n","protected":false},"excerpt":{"rendered":"<p>Ukra\u0161ena zelena staklena kuglica s prekrasnom zlatnom Rigom, promjera 8 cm. Savr\u0161en dodatak za bo\u017ei\u0107no drvce i sve\u010danu atmosferu u va\u0161em domu.<\/p>\n","protected":false},"featured_media":25158,"comment_status":"closed","ping_status":"closed","template":"","meta":[],"product_brand":[],"product_cat":[2018,3676],"product_tag":[],"class_list":{"0":"post-26301","1":"product","2":"type-product","3":"status-publish","4":"has-post-thumbnail","6":"product_cat-bozic","7":"product_cat-novogodisnji-ukrasi","8":"pa_barva-zelena-2","9":"pa_barva-zlatna","10":"pa_material-staklo","11":"pa_visina-8-2","13":"first","14":"outofstock","15":"taxable","16":"shipping-taxable","17":"purchasable","18":"product-type-simple"},"_links":{"self":[{"href":"https:\/\/www.miravila.com\/hr\/wp-json\/wp\/v2\/product\/26301","targetHints":{"allow":["GET"]}}],"collection":[{"href":"https:\/\/www.miravila.com\/hr\/wp-json\/wp\/v2\/product"}],"about":[{"href":"https:\/\/www.miravila.com\/hr\/wp-json\/wp\/v2\/types\/product"}],"replies":[{"embeddable":true,"href":"https:\/\/www.miravila.com\/hr\/wp-json\/wp\/v2\/comments?post=26301"}],"wp:featuredmedia":[{"embeddable":true,"href":"https:\/\/www.miravila.com\/hr\/wp-json\/wp\/v2\/media\/25158"}],"wp:attachment":[{"href":"https:\/\/www.miravila.com\/hr\/wp-json\/wp\/v2\/media?parent=26301"}],"wp:term":[{"taxonomy":"product_brand","embeddable":true,"href":"https:\/\/www.miravila.com\/hr\/wp-json\/wp\/v2\/product_brand?post=26301"},{"taxonomy":"product_cat","embeddable":true,"href":"https:\/\/www.miravila.com\/hr\/wp-json\/wp\/v2\/product_cat?post=26301"},{"taxonomy":"product_tag","embeddable":true,"href":"https:\/\/www.miravila.com\/hr\/wp-json\/wp\/v2\/product_tag?post=26301"}],"curies":[{"name":"wp","href":"https:\/\/api.w.org\/{rel}","templated":true}]}}