{"id":26289,"date":"2023-10-23T19:12:45","date_gmt":"2023-10-23T17:12:45","guid":{"rendered":"https:\/\/www.miravila.com\/product\/kuglica-masna-d-10-cm-zlato\/"},"modified":"2025-11-26T02:12:37","modified_gmt":"2025-11-26T01:12:37","slug":"kuglica-masna-d-10-cm-zlato","status":"publish","type":"product","link":"https:\/\/www.miravila.com\/hr\/kuglica-masna-d-10-cm-zlato\/","title":{"rendered":"Kuglica masna d-10 cm zlato"},"content":{"rendered":"<p>Novogodi\u0161nji ukras u zlatu s ukrasnim svjetlosnim.<\/p>\n<hr>\n<p> <H5> Materijal: <\/h5>\n<p> Staklo<br \/>\n<br \/> <H5> Dimenzija: <\/h5>\n<p> 10cm<\/p>\n","protected":false},"excerpt":{"rendered":"<p>Ova prekrasna kuglica od zlatnog stakla s prekrasnim masama bit \u0107e savr\u0161en dodatak za va\u0161e bo\u017ei\u0107no drvce. S promjerom od 10 cm, pru\u017eit \u0107e sjajnu atmosferu za odmor u va\u0161em domu.<\/p>\n","protected":false},"featured_media":24665,"comment_status":"closed","ping_status":"open","template":"","meta":[],"product_brand":[],"product_cat":[2018,3676],"product_tag":[],"class_list":{"0":"post-26289","1":"product","2":"type-product","3":"status-publish","4":"has-post-thumbnail","6":"product_cat-bozic","7":"product_cat-novogodisnji-ukrasi","8":"pa_barva-zlatna","9":"pa_material-staklo","10":"pa_visina-10-2","12":"first","13":"outofstock","14":"taxable","15":"shipping-taxable","16":"purchasable","17":"product-type-simple"},"_links":{"self":[{"href":"https:\/\/www.miravila.com\/hr\/wp-json\/wp\/v2\/product\/26289","targetHints":{"allow":["GET"]}}],"collection":[{"href":"https:\/\/www.miravila.com\/hr\/wp-json\/wp\/v2\/product"}],"about":[{"href":"https:\/\/www.miravila.com\/hr\/wp-json\/wp\/v2\/types\/product"}],"replies":[{"embeddable":true,"href":"https:\/\/www.miravila.com\/hr\/wp-json\/wp\/v2\/comments?post=26289"}],"wp:featuredmedia":[{"embeddable":true,"href":"https:\/\/www.miravila.com\/hr\/wp-json\/wp\/v2\/media\/24665"}],"wp:attachment":[{"href":"https:\/\/www.miravila.com\/hr\/wp-json\/wp\/v2\/media?parent=26289"}],"wp:term":[{"taxonomy":"product_brand","embeddable":true,"href":"https:\/\/www.miravila.com\/hr\/wp-json\/wp\/v2\/product_brand?post=26289"},{"taxonomy":"product_cat","embeddable":true,"href":"https:\/\/www.miravila.com\/hr\/wp-json\/wp\/v2\/product_cat?post=26289"},{"taxonomy":"product_tag","embeddable":true,"href":"https:\/\/www.miravila.com\/hr\/wp-json\/wp\/v2\/product_tag?post=26289"}],"curies":[{"name":"wp","href":"https:\/\/api.w.org\/{rel}","templated":true}]}}