{"id":26287,"date":"2023-10-23T19:12:45","date_gmt":"2023-10-23T17:12:45","guid":{"rendered":"https:\/\/www.miravila.com\/product\/privjesak-stakleni-led-h-20-cm-x-1\/"},"modified":"2024-12-05T12:10:54","modified_gmt":"2024-12-05T11:10:54","slug":"privjesak-stakleni-led-h-20-cm-x-1","status":"publish","type":"product","link":"https:\/\/www.miravila.com\/hr\/privjesak-stakleni-led-h-20-cm-x-1\/","title":{"rendered":"Privjesak Stakleni led H-20 cm x 1"},"content":{"rendered":"<p>Novogodi\u0161nja eva -oblikovana provalija blistavim prskanjem.<\/p>\n<hr>\n<p> <H5> Materijal: <\/h5>\n<p> Staklo<br \/>\n<br \/> <H5> Dimenzija: <\/h5>\n<p> 20cm<\/p>\n","protected":false},"excerpt":{"rendered":"<p>Ovaj prekrasni stakleni privjesak dizajniran je kao kri\u0161ka leda i dodat \u0107e vam sjaj za odmor u va\u0161e bo\u017ei\u0107no drvce. Mjeri 20 cm i savr\u0161en je izbor za ukra\u0161avanje va\u0161eg doma tijekom bo\u017ei\u0107nih praznika.<\/p>\n","protected":false},"featured_media":24996,"comment_status":"closed","ping_status":"open","template":"","meta":[],"product_brand":[],"product_cat":[2018,3676],"product_tag":[],"class_list":{"0":"post-26287","1":"product","2":"type-product","3":"status-publish","4":"has-post-thumbnail","6":"product_cat-bozic","7":"product_cat-novogodisnji-ukrasi","8":"pa_material-staklo","9":"pa_visina-2441","11":"first","12":"outofstock","13":"taxable","14":"shipping-taxable","15":"purchasable","16":"product-type-simple"},"_links":{"self":[{"href":"https:\/\/www.miravila.com\/hr\/wp-json\/wp\/v2\/product\/26287","targetHints":{"allow":["GET"]}}],"collection":[{"href":"https:\/\/www.miravila.com\/hr\/wp-json\/wp\/v2\/product"}],"about":[{"href":"https:\/\/www.miravila.com\/hr\/wp-json\/wp\/v2\/types\/product"}],"replies":[{"embeddable":true,"href":"https:\/\/www.miravila.com\/hr\/wp-json\/wp\/v2\/comments?post=26287"}],"wp:featuredmedia":[{"embeddable":true,"href":"https:\/\/www.miravila.com\/hr\/wp-json\/wp\/v2\/media\/24996"}],"wp:attachment":[{"href":"https:\/\/www.miravila.com\/hr\/wp-json\/wp\/v2\/media?parent=26287"}],"wp:term":[{"taxonomy":"product_brand","embeddable":true,"href":"https:\/\/www.miravila.com\/hr\/wp-json\/wp\/v2\/product_brand?post=26287"},{"taxonomy":"product_cat","embeddable":true,"href":"https:\/\/www.miravila.com\/hr\/wp-json\/wp\/v2\/product_cat?post=26287"},{"taxonomy":"product_tag","embeddable":true,"href":"https:\/\/www.miravila.com\/hr\/wp-json\/wp\/v2\/product_tag?post=26287"}],"curies":[{"name":"wp","href":"https:\/\/api.w.org\/{rel}","templated":true}]}}