{"id":26283,"date":"2023-10-23T19:12:45","date_gmt":"2023-10-23T17:12:45","guid":{"rendered":"https:\/\/www.miravila.com\/product\/kuglicni-stakleni-led-d-10-cm-x-1\/"},"modified":"2024-12-05T12:10:51","modified_gmt":"2024-12-05T11:10:51","slug":"kuglicni-stakleni-led-d-10-cm-x-1","status":"publish","type":"product","link":"https:\/\/www.miravila.com\/hr\/kuglicni-stakleni-led-d-10-cm-x-1\/","title":{"rendered":"Kugli\u010dni stakleni led d-10 cm x 1"},"content":{"rendered":"<p>Novogodi\u0161nji ukras<\/p>\n<hr>\n<p> <H5> Materijal: <\/h5>\n<p> Staklo<br \/>\n<br \/> <H5> Dimenzija: <\/h5>\n<p> 10cm<\/p>\n","protected":false},"excerpt":{"rendered":"<p>Ledeno staklo promjera 10 cm odli\u010dan je proizvod za bo\u017ei\u0107ni ukras. Svojom elegantnom i sjajnom povr\u0161inom sigurno \u0107e privu\u0107i pa\u017enju svakog posjetitelja. Stavite ga na drvo ili stol i stvorite sve\u010danu atmosferu.<\/p>\n","protected":false},"featured_media":25509,"comment_status":"closed","ping_status":"open","template":"","meta":[],"product_brand":[],"product_cat":[2018,3676],"product_tag":[],"class_list":{"0":"post-26283","1":"product","2":"type-product","3":"status-publish","4":"has-post-thumbnail","6":"product_cat-bozic","7":"product_cat-novogodisnji-ukrasi","8":"pa_material-staklo","9":"pa_visina-10-2","11":"first","12":"outofstock","13":"taxable","14":"shipping-taxable","15":"purchasable","16":"product-type-simple"},"_links":{"self":[{"href":"https:\/\/www.miravila.com\/hr\/wp-json\/wp\/v2\/product\/26283","targetHints":{"allow":["GET"]}}],"collection":[{"href":"https:\/\/www.miravila.com\/hr\/wp-json\/wp\/v2\/product"}],"about":[{"href":"https:\/\/www.miravila.com\/hr\/wp-json\/wp\/v2\/types\/product"}],"replies":[{"embeddable":true,"href":"https:\/\/www.miravila.com\/hr\/wp-json\/wp\/v2\/comments?post=26283"}],"wp:featuredmedia":[{"embeddable":true,"href":"https:\/\/www.miravila.com\/hr\/wp-json\/wp\/v2\/media\/25509"}],"wp:attachment":[{"href":"https:\/\/www.miravila.com\/hr\/wp-json\/wp\/v2\/media?parent=26283"}],"wp:term":[{"taxonomy":"product_brand","embeddable":true,"href":"https:\/\/www.miravila.com\/hr\/wp-json\/wp\/v2\/product_brand?post=26283"},{"taxonomy":"product_cat","embeddable":true,"href":"https:\/\/www.miravila.com\/hr\/wp-json\/wp\/v2\/product_cat?post=26283"},{"taxonomy":"product_tag","embeddable":true,"href":"https:\/\/www.miravila.com\/hr\/wp-json\/wp\/v2\/product_tag?post=26283"}],"curies":[{"name":"wp","href":"https:\/\/api.w.org\/{rel}","templated":true}]}}