{"id":26277,"date":"2023-10-23T19:12:45","date_gmt":"2023-10-23T17:12:45","guid":{"rendered":"https:\/\/www.miravila.com\/product\/kuglica-garland-perla-d-10-cm-crvena\/"},"modified":"2024-12-05T12:10:44","modified_gmt":"2024-12-05T11:10:44","slug":"kuglica-garland-perla-d-10-cm-crvena","status":"publish","type":"product","link":"https:\/\/www.miravila.com\/hr\/kuglica-garland-perla-d-10-cm-crvena\/","title":{"rendered":"Kuglica Garland Perla D-10 cm crvena"},"content":{"rendered":"<p>Novogodi\u0161nji ukras bogate crvene boje s Perl Edge.<\/p>\n<hr>\n<p> <H5> Materijal: <\/h5>\n<p> Staklo<br \/>\n<br \/> <H5> Dimenzija: <\/h5>\n<p> 10cm<\/p>\n","protected":false},"excerpt":{"rendered":"<p>Ova prekrasna staklena kugla promjera 10 cm savr\u0161ena je za ukra\u0161avanje bo\u017ei\u0107nog drvca. Svojim prekrasnim vijencima i perlicama stvorit \u0107e sve\u010danu atmosferu u va\u0161em domu.<\/p>\n","protected":false},"featured_media":24543,"comment_status":"closed","ping_status":"open","template":"","meta":[],"product_brand":[],"product_cat":[2018,3676],"product_tag":[],"class_list":{"0":"post-26277","1":"product","2":"type-product","3":"status-publish","4":"has-post-thumbnail","6":"product_cat-bozic","7":"product_cat-novogodisnji-ukrasi","8":"pa_barva-crvena","9":"pa_material-staklo","10":"pa_visina-10-2","12":"first","13":"outofstock","14":"taxable","15":"shipping-taxable","16":"purchasable","17":"product-type-simple"},"_links":{"self":[{"href":"https:\/\/www.miravila.com\/hr\/wp-json\/wp\/v2\/product\/26277","targetHints":{"allow":["GET"]}}],"collection":[{"href":"https:\/\/www.miravila.com\/hr\/wp-json\/wp\/v2\/product"}],"about":[{"href":"https:\/\/www.miravila.com\/hr\/wp-json\/wp\/v2\/types\/product"}],"replies":[{"embeddable":true,"href":"https:\/\/www.miravila.com\/hr\/wp-json\/wp\/v2\/comments?post=26277"}],"wp:featuredmedia":[{"embeddable":true,"href":"https:\/\/www.miravila.com\/hr\/wp-json\/wp\/v2\/media\/24543"}],"wp:attachment":[{"href":"https:\/\/www.miravila.com\/hr\/wp-json\/wp\/v2\/media?parent=26277"}],"wp:term":[{"taxonomy":"product_brand","embeddable":true,"href":"https:\/\/www.miravila.com\/hr\/wp-json\/wp\/v2\/product_brand?post=26277"},{"taxonomy":"product_cat","embeddable":true,"href":"https:\/\/www.miravila.com\/hr\/wp-json\/wp\/v2\/product_cat?post=26277"},{"taxonomy":"product_tag","embeddable":true,"href":"https:\/\/www.miravila.com\/hr\/wp-json\/wp\/v2\/product_tag?post=26277"}],"curies":[{"name":"wp","href":"https:\/\/api.w.org\/{rel}","templated":true}]}}