{"id":26263,"date":"2023-10-23T19:12:37","date_gmt":"2023-10-23T17:12:37","guid":{"rendered":"https:\/\/www.miravila.com\/product\/kuglica-d-10-cm\/"},"modified":"2024-12-05T12:10:29","modified_gmt":"2024-12-05T11:10:29","slug":"kuglica-d-10-cm","status":"publish","type":"product","link":"https:\/\/www.miravila.com\/hr\/kuglica-d-10-cm\/","title":{"rendered":"Kuglica D-10 cm"},"content":{"rendered":"<p>Novogodi\u0161nji ukras u tamnom zlatu s mat detaljima.<\/p>\n<hr>\n<p> <H5> Materijal: <\/h5>\n<p> Staklo<br \/>\n<br \/> <H5> Dimenzija: <\/h5>\n<p> 10cm<\/p>\n","protected":false},"excerpt":{"rendered":"<p>Ova prekrasna staklena kugla promjera 10 cm savr\u0161en je dodatak za bo\u017ei\u0107ni ukras va\u0161eg doma. Svojim sjajnim izgledom i elegantnim dizajnom sigurno \u0107e privu\u0107i pa\u017enju svakog posjetitelja. Stavite ga na stablo ili ga koristite kao ukras na stolu ili polici. Ova \u0107e lopta stvoriti sve\u010danu atmosferu i dodati magiju va\u0161eg bo\u017ei\u0107nog dekora.<\/p>\n","protected":false},"featured_media":24677,"comment_status":"closed","ping_status":"open","template":"","meta":[],"product_brand":[],"product_cat":[2018,3676],"product_tag":[],"class_list":{"0":"post-26263","1":"product","2":"type-product","3":"status-publish","4":"has-post-thumbnail","6":"product_cat-bozic","7":"product_cat-novogodisnji-ukrasi","8":"pa_barva-zlatna","9":"pa_material-staklo","10":"pa_visina-10-2","12":"first","13":"outofstock","14":"taxable","15":"shipping-taxable","16":"purchasable","17":"product-type-simple"},"_links":{"self":[{"href":"https:\/\/www.miravila.com\/hr\/wp-json\/wp\/v2\/product\/26263","targetHints":{"allow":["GET"]}}],"collection":[{"href":"https:\/\/www.miravila.com\/hr\/wp-json\/wp\/v2\/product"}],"about":[{"href":"https:\/\/www.miravila.com\/hr\/wp-json\/wp\/v2\/types\/product"}],"replies":[{"embeddable":true,"href":"https:\/\/www.miravila.com\/hr\/wp-json\/wp\/v2\/comments?post=26263"}],"wp:featuredmedia":[{"embeddable":true,"href":"https:\/\/www.miravila.com\/hr\/wp-json\/wp\/v2\/media\/24677"}],"wp:attachment":[{"href":"https:\/\/www.miravila.com\/hr\/wp-json\/wp\/v2\/media?parent=26263"}],"wp:term":[{"taxonomy":"product_brand","embeddable":true,"href":"https:\/\/www.miravila.com\/hr\/wp-json\/wp\/v2\/product_brand?post=26263"},{"taxonomy":"product_cat","embeddable":true,"href":"https:\/\/www.miravila.com\/hr\/wp-json\/wp\/v2\/product_cat?post=26263"},{"taxonomy":"product_tag","embeddable":true,"href":"https:\/\/www.miravila.com\/hr\/wp-json\/wp\/v2\/product_tag?post=26263"}],"curies":[{"name":"wp","href":"https:\/\/api.w.org\/{rel}","templated":true}]}}