{"id":26252,"date":"2023-10-23T19:12:32","date_gmt":"2023-10-23T17:12:32","guid":{"rendered":"https:\/\/www.miravila.com\/product\/ball-trottola-staklo-zlatno-10-cm-zlato\/"},"modified":"2026-01-15T02:13:21","modified_gmt":"2026-01-15T01:13:21","slug":"ball-trottola-staklo-zlatno-10-cm-zlato","status":"publish","type":"product","link":"https:\/\/www.miravila.com\/hr\/ball-trottola-staklo-zlatno-10-cm-zlato\/","title":{"rendered":"Ball-Trottola staklo zlatno 10 cm zlato"},"content":{"rendered":"<p>Novogodi\u0161nji ukras zlata svijetlim blistavim prskanjem.<\/p>\n<hr>\n<p> <H5> Materijal: <\/h5>\n<p> Staklo<br \/>\n<br \/> <H5> Dimenzija: <\/h5>\n<p> 10cm<\/p>\n","protected":false},"excerpt":{"rendered":"<p>Zlatna staklena staklena kugla je prekrasan bo\u017ei\u0107ni ukras koji \u0107e zasigurno privu\u0107i pogled. Svojom zlatnom bojom i sofisticiranim dizajnom stvorit \u0107e sve\u010danu atmosferu u va\u0161em domu. S promjerom od 10 cm, savr\u0161ena je veli\u010dina za obje\u0161enje na bo\u017ei\u0107nom drvcu ili za ukra\u0161avanje sobe. Ova lopta izra\u0111ena je od kvalitetnog stakla, \u0161to joj daje sjaj i eleganciju. Dopustite da se o\u010daraju ovom prekrasnom zlatnom loptom i stvorite sve\u010danu atmosferu u va\u0161em domu.<\/p>\n","protected":false},"featured_media":24495,"comment_status":"closed","ping_status":"open","template":"","meta":[],"product_brand":[],"product_cat":[2018,3676],"product_tag":[],"class_list":{"0":"post-26252","1":"product","2":"type-product","3":"status-publish","4":"has-post-thumbnail","6":"product_cat-bozic","7":"product_cat-novogodisnji-ukrasi","8":"pa_barva-zlatna","9":"pa_material-staklo","10":"pa_visina-10-2","12":"first","13":"instock","14":"taxable","15":"shipping-taxable","16":"purchasable","17":"product-type-simple"},"_links":{"self":[{"href":"https:\/\/www.miravila.com\/hr\/wp-json\/wp\/v2\/product\/26252","targetHints":{"allow":["GET"]}}],"collection":[{"href":"https:\/\/www.miravila.com\/hr\/wp-json\/wp\/v2\/product"}],"about":[{"href":"https:\/\/www.miravila.com\/hr\/wp-json\/wp\/v2\/types\/product"}],"replies":[{"embeddable":true,"href":"https:\/\/www.miravila.com\/hr\/wp-json\/wp\/v2\/comments?post=26252"}],"wp:featuredmedia":[{"embeddable":true,"href":"https:\/\/www.miravila.com\/hr\/wp-json\/wp\/v2\/media\/24495"}],"wp:attachment":[{"href":"https:\/\/www.miravila.com\/hr\/wp-json\/wp\/v2\/media?parent=26252"}],"wp:term":[{"taxonomy":"product_brand","embeddable":true,"href":"https:\/\/www.miravila.com\/hr\/wp-json\/wp\/v2\/product_brand?post=26252"},{"taxonomy":"product_cat","embeddable":true,"href":"https:\/\/www.miravila.com\/hr\/wp-json\/wp\/v2\/product_cat?post=26252"},{"taxonomy":"product_tag","embeddable":true,"href":"https:\/\/www.miravila.com\/hr\/wp-json\/wp\/v2\/product_tag?post=26252"}],"curies":[{"name":"wp","href":"https:\/\/api.w.org\/{rel}","templated":true}]}}