{"id":26251,"date":"2023-10-23T19:12:32","date_gmt":"2023-10-23T17:12:32","guid":{"rendered":"https:\/\/www.miravila.com\/product\/kuglicno-staklo-prozirnozlatni-papir-d-8-cm-x-1\/"},"modified":"2026-02-03T02:12:29","modified_gmt":"2026-02-03T01:12:29","slug":"kuglicno-staklo-prozirnozlatni-papir-d-8-cm-x-1","status":"publish","type":"product","link":"https:\/\/www.miravila.com\/hr\/kuglicno-staklo-prozirnozlatni-papir-d-8-cm-x-1\/","title":{"rendered":"Kugli\u010dno staklo prozirno+zlatni papir d-8 cm x 1"},"content":{"rendered":"<p>Novogodi\u0161nji dekoracija transparentna sa zlatnim papirom.<\/p>\n<hr>\n<p> <H5> Materijal: <\/h5>\n<p> Staklo<br \/>\n<br \/> <H5> Dimenzija: <\/h5>\n<p> 8cm<\/p>\n","protected":false},"excerpt":{"rendered":"<p>Ova prekrasna prozirna staklena kugla prekrivena zlatnim papirom zasigurno \u0107e pobolj\u0161ati va\u0161e bo\u017ei\u0107no drvce. Promjer 8 cm savr\u0161ena je veli\u010dina za odmor za odmor.<\/p>\n","protected":false},"featured_media":25212,"comment_status":"closed","ping_status":"open","template":"","meta":[],"product_brand":[],"product_cat":[2018,3676],"product_tag":[],"class_list":{"0":"post-26251","1":"product","2":"type-product","3":"status-publish","4":"has-post-thumbnail","6":"product_cat-bozic","7":"product_cat-novogodisnji-ukrasi","8":"pa_barva-transparent","9":"pa_barva-zlatna","10":"pa_material-staklo","11":"pa_visina-8-2","13":"first","14":"instock","15":"taxable","16":"shipping-taxable","17":"purchasable","18":"product-type-simple"},"_links":{"self":[{"href":"https:\/\/www.miravila.com\/hr\/wp-json\/wp\/v2\/product\/26251","targetHints":{"allow":["GET"]}}],"collection":[{"href":"https:\/\/www.miravila.com\/hr\/wp-json\/wp\/v2\/product"}],"about":[{"href":"https:\/\/www.miravila.com\/hr\/wp-json\/wp\/v2\/types\/product"}],"replies":[{"embeddable":true,"href":"https:\/\/www.miravila.com\/hr\/wp-json\/wp\/v2\/comments?post=26251"}],"wp:featuredmedia":[{"embeddable":true,"href":"https:\/\/www.miravila.com\/hr\/wp-json\/wp\/v2\/media\/25212"}],"wp:attachment":[{"href":"https:\/\/www.miravila.com\/hr\/wp-json\/wp\/v2\/media?parent=26251"}],"wp:term":[{"taxonomy":"product_brand","embeddable":true,"href":"https:\/\/www.miravila.com\/hr\/wp-json\/wp\/v2\/product_brand?post=26251"},{"taxonomy":"product_cat","embeddable":true,"href":"https:\/\/www.miravila.com\/hr\/wp-json\/wp\/v2\/product_cat?post=26251"},{"taxonomy":"product_tag","embeddable":true,"href":"https:\/\/www.miravila.com\/hr\/wp-json\/wp\/v2\/product_tag?post=26251"}],"curies":[{"name":"wp","href":"https:\/\/api.w.org\/{rel}","templated":true}]}}