{"id":26242,"date":"2023-10-23T19:12:32","date_gmt":"2023-10-23T17:12:32","guid":{"rendered":"https:\/\/www.miravila.com\/product\/kugla-od-stakla-d-12-cm-x-1-srebrno-bijela\/"},"modified":"2024-12-05T12:10:08","modified_gmt":"2024-12-05T11:10:08","slug":"kugla-od-stakla-d-12-cm-x-1-srebrno-bijela","status":"publish","type":"product","link":"https:\/\/www.miravila.com\/hr\/kugla-od-stakla-d-12-cm-x-1-srebrno-bijela\/","title":{"rendered":"Kugla od stakla d-12 cm x 1 srebrno-bijela"},"content":{"rendered":"<p>Novogodi\u0161nji ukras u srebru s ledenim prskanjem.<\/p>\n<hr>\n<p> <H5> Materijal: <\/h5>\n<p> Staklo<br \/>\n<br \/> <H5> Dimenzija: <\/h5>\n<p> 12cm<\/p>\n","protected":false},"excerpt":{"rendered":"<p>Staklena kugla promjera 12 cm u srebrno-bijeloj boji savr\u0161en je ukras za bo\u017ei\u0107no drvce. Svojim sjajem i sjajem stvorit \u0107e sve\u010danu atmosferu u va\u0161em domu.<\/p>\n","protected":false},"featured_media":24815,"comment_status":"closed","ping_status":"open","template":"","meta":[],"product_brand":[],"product_cat":[2018,3676],"product_tag":[],"class_list":{"0":"post-26242","1":"product","2":"type-product","3":"status-publish","4":"has-post-thumbnail","6":"product_cat-bozic","7":"product_cat-novogodisnji-ukrasi","8":"pa_barva-srebrena","9":"pa_material-staklo","10":"pa_visina-12-2","12":"first","13":"outofstock","14":"taxable","15":"shipping-taxable","16":"purchasable","17":"product-type-simple"},"_links":{"self":[{"href":"https:\/\/www.miravila.com\/hr\/wp-json\/wp\/v2\/product\/26242","targetHints":{"allow":["GET"]}}],"collection":[{"href":"https:\/\/www.miravila.com\/hr\/wp-json\/wp\/v2\/product"}],"about":[{"href":"https:\/\/www.miravila.com\/hr\/wp-json\/wp\/v2\/types\/product"}],"replies":[{"embeddable":true,"href":"https:\/\/www.miravila.com\/hr\/wp-json\/wp\/v2\/comments?post=26242"}],"wp:featuredmedia":[{"embeddable":true,"href":"https:\/\/www.miravila.com\/hr\/wp-json\/wp\/v2\/media\/24815"}],"wp:attachment":[{"href":"https:\/\/www.miravila.com\/hr\/wp-json\/wp\/v2\/media?parent=26242"}],"wp:term":[{"taxonomy":"product_brand","embeddable":true,"href":"https:\/\/www.miravila.com\/hr\/wp-json\/wp\/v2\/product_brand?post=26242"},{"taxonomy":"product_cat","embeddable":true,"href":"https:\/\/www.miravila.com\/hr\/wp-json\/wp\/v2\/product_cat?post=26242"},{"taxonomy":"product_tag","embeddable":true,"href":"https:\/\/www.miravila.com\/hr\/wp-json\/wp\/v2\/product_tag?post=26242"}],"curies":[{"name":"wp","href":"https:\/\/api.w.org\/{rel}","templated":true}]}}