{"id":26231,"date":"2023-10-23T19:12:24","date_gmt":"2023-10-23T17:12:24","guid":{"rendered":"https:\/\/www.miravila.com\/product\/kuglica-iride-medrole-d-12-cm-x-1\/"},"modified":"2026-02-03T02:12:26","modified_gmt":"2026-02-03T01:12:26","slug":"kuglica-iride-medrole-d-12-cm-x-1","status":"publish","type":"product","link":"https:\/\/www.miravila.com\/hr\/kuglica-iride-medrole-d-12-cm-x-1\/","title":{"rendered":"Kuglica iride-medrole d-12 cm x 1"},"content":{"rendered":"<p>Novogodi\u0161nji ukras u izgledu mjehuri\u0107a sapuna.<\/p>\n<hr>\n<p> <H5> Materijal: <\/h5>\n<p> Staklo<br \/>\n<br \/> <H5> Dimenzija: <\/h5>\n<p> 12cm<\/p>\n","protected":false},"excerpt":{"rendered":"<p>Staklena kugla Iride-Mur\u010dek je prekrasan bo\u017ei\u0107ni ukras koji \u0107e zasigurno privu\u0107i pogled. S promjerom od 12 cm, savr\u0161en je za objesiti na bo\u017ei\u0107no drvce ili za ukra\u0161avanje ku\u0107ne sobe. Njegova specijalnost su \u010darobni mjehuri\u0107i koji sjaju u razli\u010ditim bojama i stvaraju atmosferu bajke. Neizbje\u017eno \u0107e pobuditi magiju bo\u017ei\u0107nog vremena i impresionirati i djecu i odrasle.<\/p>\n","protected":false},"featured_media":24845,"comment_status":"closed","ping_status":"open","template":"","meta":[],"product_brand":[],"product_cat":[2018,3676],"product_tag":[],"class_list":{"0":"post-26231","1":"product","2":"type-product","3":"status-publish","4":"has-post-thumbnail","6":"product_cat-bozic","7":"product_cat-novogodisnji-ukrasi","8":"pa_material-staklo","9":"pa_visina-12-2","11":"first","12":"instock","13":"taxable","14":"shipping-taxable","15":"purchasable","16":"product-type-simple"},"_links":{"self":[{"href":"https:\/\/www.miravila.com\/hr\/wp-json\/wp\/v2\/product\/26231","targetHints":{"allow":["GET"]}}],"collection":[{"href":"https:\/\/www.miravila.com\/hr\/wp-json\/wp\/v2\/product"}],"about":[{"href":"https:\/\/www.miravila.com\/hr\/wp-json\/wp\/v2\/types\/product"}],"replies":[{"embeddable":true,"href":"https:\/\/www.miravila.com\/hr\/wp-json\/wp\/v2\/comments?post=26231"}],"wp:featuredmedia":[{"embeddable":true,"href":"https:\/\/www.miravila.com\/hr\/wp-json\/wp\/v2\/media\/24845"}],"wp:attachment":[{"href":"https:\/\/www.miravila.com\/hr\/wp-json\/wp\/v2\/media?parent=26231"}],"wp:term":[{"taxonomy":"product_brand","embeddable":true,"href":"https:\/\/www.miravila.com\/hr\/wp-json\/wp\/v2\/product_brand?post=26231"},{"taxonomy":"product_cat","embeddable":true,"href":"https:\/\/www.miravila.com\/hr\/wp-json\/wp\/v2\/product_cat?post=26231"},{"taxonomy":"product_tag","embeddable":true,"href":"https:\/\/www.miravila.com\/hr\/wp-json\/wp\/v2\/product_tag?post=26231"}],"curies":[{"name":"wp","href":"https:\/\/api.w.org\/{rel}","templated":true}]}}