{"id":26227,"date":"2023-10-23T19:12:24","date_gmt":"2023-10-23T17:12:24","guid":{"rendered":"https:\/\/www.miravila.com\/product\/kuglica-dandy-d-10-cm-crvena-patchn\/"},"modified":"2023-10-24T09:54:46","modified_gmt":"2023-10-24T07:54:46","slug":"kuglica-dandy-d-10-cm-crvena-patchn","status":"publish","type":"product","link":"https:\/\/www.miravila.com\/hr\/proizvod\/kuglica-dandy-d-10-cm-crvena-patchn\/","title":{"rendered":"Kuglica dandy d-10 cm crvena (patch)\nN"},"content":{"rendered":"","protected":false},"excerpt":{"rendered":"<p>Opis proizvoda: Kugla od staklene staklene kuglice s promjerom od 10 cm crvene je savr\u0161eni dodatak za bo\u017ei\u0107ni ukras. Mo\u017eete ga koristiti kao remen za smreku ili ga staviti na stol kao ukrasni element. Sjajna povr\u0161ina i \u017eivopisna boja zasigurno \u0107e privu\u0107i pogled svih posjetitelja u va\u0161 dom. Stvorite \u010darobnu bo\u017ei\u0107nu atmosferu s ovom prekrasnom kuglom od staklene kuglice.<\/p>\n","protected":false},"featured_media":25437,"comment_status":"closed","ping_status":"open","template":"","meta":[],"product_brand":[],"product_cat":[2018,3676],"product_tag":[],"class_list":{"0":"post-26227","1":"product","2":"type-product","3":"status-publish","4":"has-post-thumbnail","6":"product_cat-bozic","7":"product_cat-novogodisnji-ukrasi","8":"pa_barva-crvena","9":"pa_material-staklo","10":"pa_visina-10-2","12":"first","13":"outofstock","14":"taxable","15":"shipping-taxable","16":"purchasable","17":"product-type-simple"},"_links":{"self":[{"href":"https:\/\/www.miravila.com\/hr\/wp-json\/wp\/v2\/product\/26227","targetHints":{"allow":["GET"]}}],"collection":[{"href":"https:\/\/www.miravila.com\/hr\/wp-json\/wp\/v2\/product"}],"about":[{"href":"https:\/\/www.miravila.com\/hr\/wp-json\/wp\/v2\/types\/product"}],"replies":[{"embeddable":true,"href":"https:\/\/www.miravila.com\/hr\/wp-json\/wp\/v2\/comments?post=26227"}],"wp:featuredmedia":[{"embeddable":true,"href":"https:\/\/www.miravila.com\/hr\/wp-json\/wp\/v2\/media\/25437"}],"wp:attachment":[{"href":"https:\/\/www.miravila.com\/hr\/wp-json\/wp\/v2\/media?parent=26227"}],"wp:term":[{"taxonomy":"product_brand","embeddable":true,"href":"https:\/\/www.miravila.com\/hr\/wp-json\/wp\/v2\/product_brand?post=26227"},{"taxonomy":"product_cat","embeddable":true,"href":"https:\/\/www.miravila.com\/hr\/wp-json\/wp\/v2\/product_cat?post=26227"},{"taxonomy":"product_tag","embeddable":true,"href":"https:\/\/www.miravila.com\/hr\/wp-json\/wp\/v2\/product_tag?post=26227"}],"curies":[{"name":"wp","href":"https:\/\/api.w.org\/{rel}","templated":true}]}}