{"id":26224,"date":"2023-10-23T19:12:24","date_gmt":"2023-10-23T17:12:24","guid":{"rendered":"https:\/\/www.miravila.com\/product\/pvc-grozde-set-set-10-ruzicasto\/"},"modified":"2023-10-24T09:54:45","modified_gmt":"2023-10-24T07:54:45","slug":"pvc-grozde-set-set-10-ruzicasto","status":"publish","type":"product","link":"https:\/\/www.miravila.com\/hr\/proizvod\/pvc-grozde-set-set-10-ruzicasto\/","title":{"rendered":"Pvc gro\u017e\u0111e set set 10 ru\u017ei\u010dasto"},"content":{"rendered":"","protected":false},"excerpt":{"rendered":"<p>Ovaj bo\u017ei\u0107ni proizvod savr\u0161en je dodatak za ukra\u0161avanje va\u0161eg doma. Set sadr\u017ei 10 ru\u017ei\u010dastih PVC kuglica koje su u obliku gro\u017e\u0111a. Pomo\u0107u ovog proizvoda mo\u017eete stvoriti prekrasnu bo\u017ei\u0107nu atmosferu i dodati dodir elegancije u svoj blagdanski ukras.<\/p>\n","protected":false},"featured_media":25703,"comment_status":"closed","ping_status":"open","template":"","meta":[],"product_brand":[],"product_cat":[2018,3676],"product_tag":[],"class_list":{"0":"post-26224","1":"product","2":"type-product","3":"status-publish","4":"has-post-thumbnail","6":"product_cat-bozic","7":"product_cat-novogodisnji-ukrasi","8":"pa_barva-ruzicasta","9":"pa_material-pvc-2","10":"pa_visina-2443","12":"first","13":"outofstock","14":"taxable","15":"shipping-taxable","16":"purchasable","17":"product-type-simple"},"_links":{"self":[{"href":"https:\/\/www.miravila.com\/hr\/wp-json\/wp\/v2\/product\/26224","targetHints":{"allow":["GET"]}}],"collection":[{"href":"https:\/\/www.miravila.com\/hr\/wp-json\/wp\/v2\/product"}],"about":[{"href":"https:\/\/www.miravila.com\/hr\/wp-json\/wp\/v2\/types\/product"}],"replies":[{"embeddable":true,"href":"https:\/\/www.miravila.com\/hr\/wp-json\/wp\/v2\/comments?post=26224"}],"wp:featuredmedia":[{"embeddable":true,"href":"https:\/\/www.miravila.com\/hr\/wp-json\/wp\/v2\/media\/25703"}],"wp:attachment":[{"href":"https:\/\/www.miravila.com\/hr\/wp-json\/wp\/v2\/media?parent=26224"}],"wp:term":[{"taxonomy":"product_brand","embeddable":true,"href":"https:\/\/www.miravila.com\/hr\/wp-json\/wp\/v2\/product_brand?post=26224"},{"taxonomy":"product_cat","embeddable":true,"href":"https:\/\/www.miravila.com\/hr\/wp-json\/wp\/v2\/product_cat?post=26224"},{"taxonomy":"product_tag","embeddable":true,"href":"https:\/\/www.miravila.com\/hr\/wp-json\/wp\/v2\/product_tag?post=26224"}],"curies":[{"name":"wp","href":"https:\/\/api.w.org\/{rel}","templated":true}]}}