{"id":26218,"date":"2023-10-23T19:12:24","date_gmt":"2023-10-23T17:12:24","guid":{"rendered":"https:\/\/www.miravila.com\/product\/privjesak-snjezna-pahulja-gemme-cof-h-22-cm-crvena\/"},"modified":"2023-10-24T09:54:44","modified_gmt":"2023-10-24T07:54:44","slug":"privjesak-snjezna-pahulja-gemme-cof-h-22-cm-crvena","status":"publish","type":"product","link":"https:\/\/www.miravila.com\/hr\/proizvod\/privjesak-snjezna-pahulja-gemme-cof-h-22-cm-crvena\/","title":{"rendered":"Privjesak snje\u017ena pahulja Gemme\/Cof H-22 cm crvena"},"content":{"rendered":"<p>Novogodi\u0161nji ukras<\/p>\n<hr>\n<p> <H5> MATERIJAL: <\/h5>\n<p> <H5> Dimenzija: <\/h5>\n<p> 22cm<\/p>\n","protected":false},"excerpt":{"rendered":"<p>GEMME\/COF Snowflake privjesak je savr\u0161en pribor za bo\u017ei\u0107ni ukras. Izra\u0111ena je od kvalitetnog materijala i ima prekrasnu crvenu boju. Sa svojom veli\u010dinom od 22 cm, sigurno \u0107e privu\u0107i pa\u017enju i dodati prazni\u010dni \u0161arm va\u0161em domu.<\/p>\n","protected":false},"featured_media":25671,"comment_status":"closed","ping_status":"open","template":"","meta":[],"product_brand":[],"product_cat":[2018,3676],"product_tag":[],"class_list":{"0":"post-26218","1":"product","2":"type-product","3":"status-publish","4":"has-post-thumbnail","6":"product_cat-bozic","7":"product_cat-novogodisnji-ukrasi","8":"pa_barva-crvena","9":"pa_visina-2907","11":"first","12":"instock","13":"taxable","14":"shipping-taxable","15":"purchasable","16":"product-type-simple"},"_links":{"self":[{"href":"https:\/\/www.miravila.com\/hr\/wp-json\/wp\/v2\/product\/26218","targetHints":{"allow":["GET"]}}],"collection":[{"href":"https:\/\/www.miravila.com\/hr\/wp-json\/wp\/v2\/product"}],"about":[{"href":"https:\/\/www.miravila.com\/hr\/wp-json\/wp\/v2\/types\/product"}],"replies":[{"embeddable":true,"href":"https:\/\/www.miravila.com\/hr\/wp-json\/wp\/v2\/comments?post=26218"}],"wp:featuredmedia":[{"embeddable":true,"href":"https:\/\/www.miravila.com\/hr\/wp-json\/wp\/v2\/media\/25671"}],"wp:attachment":[{"href":"https:\/\/www.miravila.com\/hr\/wp-json\/wp\/v2\/media?parent=26218"}],"wp:term":[{"taxonomy":"product_brand","embeddable":true,"href":"https:\/\/www.miravila.com\/hr\/wp-json\/wp\/v2\/product_brand?post=26218"},{"taxonomy":"product_cat","embeddable":true,"href":"https:\/\/www.miravila.com\/hr\/wp-json\/wp\/v2\/product_cat?post=26218"},{"taxonomy":"product_tag","embeddable":true,"href":"https:\/\/www.miravila.com\/hr\/wp-json\/wp\/v2\/product_tag?post=26218"}],"curies":[{"name":"wp","href":"https:\/\/api.w.org\/{rel}","templated":true}]}}